{"id":39295,"date":"2025-11-10T13:51:17","date_gmt":"2025-11-10T12:51:17","guid":{"rendered":"https:\/\/www.ernstbrunn-apotheke.at\/katalog\/produkt\/adler-pharma-mineralstoffsalbe-nr-4-kalium-chloratum\/"},"modified":"2025-12-08T15:53:16","modified_gmt":"2025-12-08T14:53:16","slug":"adler-pharma-mineralstoffsalbe-nr-4-kalium-chloratum","status":"publish","type":"product","link":"https:\/\/www.ernstbrunn-apotheke.at\/katalog\/produkt\/adler-pharma-mineralstoffsalbe-nr-4-kalium-chloratum\/","title":{"rendered":"Adler Pharma Mineralstoffsalbe Nr. 4 Kalium Chloratum"},"content":{"rendered":"<p>Mineralstoffsalbe Nr. 4 Kalium Chloratum wird zur Behandlung bei H\u00e4morrhoiden, Krampfadern und Hautausschl\u00e4gen eingesetzt. Dar\u00fcber hinaus findet sie auch Verwendung bei Sehnenscheiden- und Schleimbeutelentz\u00fcndungen. Auch Verwachsungen, Frostbeulen, Besenreiser, Hautgriess und Warzen k\u00f6nnen mit dieser Salbe behandelt werden..<\/p>\n","protected":false},"excerpt":{"rendered":"<p>Mineralstoffsalbe Nr. 4 Kalium Chloratum wird zur Behandlung bei H\u00e4morrhoiden, Krampfadern und Hautausschl\u00e4gen eingesetzt. Dar\u00fcber hinaus findet sie auch Verwendung bei Sehnenscheiden- und Schleimbeutelentz\u00fcndungen. Auch Verwachsungen, Frostbeulen, Besenreiser, Hautgriess und Warzen k\u00f6nnen mit dieser Salbe behandelt werden..<\/p>\n","protected":false},"featured_media":39297,"template":"","meta":{"_acf_changed":false},"product_brand":[928],"product_cat":[801],"product_tag":[],"class_list":{"0":"post-39295","1":"product","2":"type-product","3":"status-publish","4":"has-post-thumbnail","6":"product_brand-adler-pharma","7":"product_cat-a","8":"pa_farbe-weiss","9":"pa_geschmack-neutral","10":"pa_packungsgroesse-200ml","11":"pa_packungsgroesse-50ml","13":"first","14":"instock","15":"shipping-taxable","16":"purchasable","17":"product-type-simple"},"acf":[],"_links":{"self":[{"href":"https:\/\/www.ernstbrunn-apotheke.at\/katalog\/wp-json\/wp\/v2\/product\/39295","targetHints":{"allow":["GET"]}}],"collection":[{"href":"https:\/\/www.ernstbrunn-apotheke.at\/katalog\/wp-json\/wp\/v2\/product"}],"about":[{"href":"https:\/\/www.ernstbrunn-apotheke.at\/katalog\/wp-json\/wp\/v2\/types\/product"}],"wp:featuredmedia":[{"embeddable":true,"href":"https:\/\/www.ernstbrunn-apotheke.at\/katalog\/wp-json\/wp\/v2\/media\/39297"}],"wp:attachment":[{"href":"https:\/\/www.ernstbrunn-apotheke.at\/katalog\/wp-json\/wp\/v2\/media?parent=39295"}],"wp:term":[{"taxonomy":"product_brand","embeddable":true,"href":"https:\/\/www.ernstbrunn-apotheke.at\/katalog\/wp-json\/wp\/v2\/product_brand?post=39295"},{"taxonomy":"product_cat","embeddable":true,"href":"https:\/\/www.ernstbrunn-apotheke.at\/katalog\/wp-json\/wp\/v2\/product_cat?post=39295"},{"taxonomy":"product_tag","embeddable":true,"href":"https:\/\/www.ernstbrunn-apotheke.at\/katalog\/wp-json\/wp\/v2\/product_tag?post=39295"}],"curies":[{"name":"wp","href":"https:\/\/api.w.org\/{rel}","templated":true}]}}