{"id":39282,"date":"2025-11-10T13:50:49","date_gmt":"2025-11-10T12:50:49","guid":{"rendered":"https:\/\/www.ernstbrunn-apotheke.at\/katalog\/produkt\/adler-pharma-mineralstoffsalbe-nr-10-natrium-sulfat\/"},"modified":"2025-12-08T15:53:09","modified_gmt":"2025-12-08T14:53:09","slug":"adler-pharma-mineralstoffsalbe-nr-10-natrium-sulfat","status":"publish","type":"product","link":"https:\/\/www.ernstbrunn-apotheke.at\/katalog\/produkt\/adler-pharma-mineralstoffsalbe-nr-10-natrium-sulfat\/","title":{"rendered":"Adler Pharma Mineralstoffsalbe Nr. 10 Natrium Sulfat"},"content":{"rendered":"<p>Mineralstoffsalbe Nr. 10 Natrium Sulfat wikt gegen Bl\u00e4schen und Warzen. Dar\u00fcber hinaus findet die Salbe ihre Anwendung bei Sonnenallergie ebenso wie bei Erfrierungen. Au\u00dferdem wird sie bei geschwollenen F\u00fc\u00dfen sowie geschwollenen H\u00e4nden eingesetzt.<\/p>\n","protected":false},"excerpt":{"rendered":"<p>Mineralstoffsalbe Nr. 10 Natrium Sulfat wikt gegen Bl\u00e4schen und Warzen. Dar\u00fcber hinaus findet die Salbe ihre Anwendung bei Sonnenallergie ebenso wie bei Erfrierungen. Au\u00dferdem wird sie bei geschwollenen F\u00fc\u00dfen sowie geschwollenen H\u00e4nden eingesetzt.<\/p>\n","protected":false},"featured_media":39284,"template":"","meta":{"_acf_changed":false},"product_brand":[928],"product_cat":[801],"product_tag":[],"class_list":{"0":"post-39282","1":"product","2":"type-product","3":"status-publish","4":"has-post-thumbnail","6":"product_brand-adler-pharma","7":"product_cat-a","8":"pa_farbe-weiss","9":"pa_geschmack-neutral","10":"pa_packungsgroesse-200ml","11":"pa_packungsgroesse-50ml","13":"first","14":"instock","15":"shipping-taxable","16":"purchasable","17":"product-type-simple"},"acf":[],"_links":{"self":[{"href":"https:\/\/www.ernstbrunn-apotheke.at\/katalog\/wp-json\/wp\/v2\/product\/39282","targetHints":{"allow":["GET"]}}],"collection":[{"href":"https:\/\/www.ernstbrunn-apotheke.at\/katalog\/wp-json\/wp\/v2\/product"}],"about":[{"href":"https:\/\/www.ernstbrunn-apotheke.at\/katalog\/wp-json\/wp\/v2\/types\/product"}],"wp:featuredmedia":[{"embeddable":true,"href":"https:\/\/www.ernstbrunn-apotheke.at\/katalog\/wp-json\/wp\/v2\/media\/39284"}],"wp:attachment":[{"href":"https:\/\/www.ernstbrunn-apotheke.at\/katalog\/wp-json\/wp\/v2\/media?parent=39282"}],"wp:term":[{"taxonomy":"product_brand","embeddable":true,"href":"https:\/\/www.ernstbrunn-apotheke.at\/katalog\/wp-json\/wp\/v2\/product_brand?post=39282"},{"taxonomy":"product_cat","embeddable":true,"href":"https:\/\/www.ernstbrunn-apotheke.at\/katalog\/wp-json\/wp\/v2\/product_cat?post=39282"},{"taxonomy":"product_tag","embeddable":true,"href":"https:\/\/www.ernstbrunn-apotheke.at\/katalog\/wp-json\/wp\/v2\/product_tag?post=39282"}],"curies":[{"name":"wp","href":"https:\/\/api.w.org\/{rel}","templated":true}]}}