{"id":39268,"date":"2025-11-10T13:50:49","date_gmt":"2025-11-10T12:50:49","guid":{"rendered":"https:\/\/www.ernstbrunn-apotheke.at\/katalog\/produkt\/adler-pharma-ortho-aktiv-eisen-immun-kapseln-60-stk\/"},"modified":"2025-12-08T15:53:07","modified_gmt":"2025-12-08T14:53:07","slug":"adler-pharma-ortho-aktiv-eisen-immun-kapseln-60-stk","status":"publish","type":"product","link":"https:\/\/www.ernstbrunn-apotheke.at\/katalog\/produkt\/adler-pharma-ortho-aktiv-eisen-immun-kapseln-60-stk\/","title":{"rendered":"Adler Pharma Ortho Aktiv Eisen Immun Kapseln 60 Stk."},"content":{"rendered":"<p>Adler Ortho Aktiv Nr. 3 Kapseln enthalten den Inhaltsstoff Eisen, welcher etwa zu einer normalen kognitiven Funktion, zu einem normalen Energiestoffwechsel und zur Verringerung von M\u00fcdigkeit und Erm\u00fcdung beitr\u00e4gt. Au\u00dferdem enthalten diese Kapseln noch die Wirkstoffe Vitamin A, Vitamin C, Selen und Kupfer<\/p>\n","protected":false},"excerpt":{"rendered":"<p>Adler Ortho Aktiv Nr. 3 Kapseln enthalten den Inhaltsstoff Eisen, welcher etwa zu einer normalen kognitiven Funktion, zu einem normalen Energiestoffwechsel und zur Verringerung von M\u00fcdigkeit und Erm\u00fcdung beitr\u00e4gt. Au\u00dferdem enthalten diese Kapseln noch die Wirkstoffe Vitamin A, Vitamin C, Selen und Kupfer<\/p>\n","protected":false},"featured_media":39270,"template":"","meta":{"_acf_changed":false},"product_brand":[928],"product_cat":[801],"product_tag":[],"class_list":{"0":"post-39268","1":"product","2":"type-product","3":"status-publish","4":"has-post-thumbnail","6":"product_brand-adler-pharma","7":"product_cat-a","8":"pa_packungsgroesse-60-stueck","10":"first","11":"instock","12":"shipping-taxable","13":"purchasable","14":"product-type-simple"},"acf":[],"_links":{"self":[{"href":"https:\/\/www.ernstbrunn-apotheke.at\/katalog\/wp-json\/wp\/v2\/product\/39268","targetHints":{"allow":["GET"]}}],"collection":[{"href":"https:\/\/www.ernstbrunn-apotheke.at\/katalog\/wp-json\/wp\/v2\/product"}],"about":[{"href":"https:\/\/www.ernstbrunn-apotheke.at\/katalog\/wp-json\/wp\/v2\/types\/product"}],"wp:featuredmedia":[{"embeddable":true,"href":"https:\/\/www.ernstbrunn-apotheke.at\/katalog\/wp-json\/wp\/v2\/media\/39270"}],"wp:attachment":[{"href":"https:\/\/www.ernstbrunn-apotheke.at\/katalog\/wp-json\/wp\/v2\/media?parent=39268"}],"wp:term":[{"taxonomy":"product_brand","embeddable":true,"href":"https:\/\/www.ernstbrunn-apotheke.at\/katalog\/wp-json\/wp\/v2\/product_brand?post=39268"},{"taxonomy":"product_cat","embeddable":true,"href":"https:\/\/www.ernstbrunn-apotheke.at\/katalog\/wp-json\/wp\/v2\/product_cat?post=39268"},{"taxonomy":"product_tag","embeddable":true,"href":"https:\/\/www.ernstbrunn-apotheke.at\/katalog\/wp-json\/wp\/v2\/product_tag?post=39268"}],"curies":[{"name":"wp","href":"https:\/\/api.w.org\/{rel}","templated":true}]}}