{"id":39258,"date":"2025-11-10T13:50:18","date_gmt":"2025-11-10T12:50:18","guid":{"rendered":"https:\/\/www.ernstbrunn-apotheke.at\/katalog\/produkt\/adler-pharma-mineralstoffsalbe-nr-6-kalium-sulfat\/"},"modified":"2025-12-08T15:53:02","modified_gmt":"2025-12-08T14:53:02","slug":"adler-pharma-mineralstoffsalbe-nr-6-kalium-sulfat","status":"publish","type":"product","link":"https:\/\/www.ernstbrunn-apotheke.at\/katalog\/produkt\/adler-pharma-mineralstoffsalbe-nr-6-kalium-sulfat\/","title":{"rendered":"Adler Pharma Mineralstoffsalbe Nr. 6 Kalium Sulfat"},"content":{"rendered":"<p>Mineralstoffsalbe Nr. 6 Kalium Sulfat wird als Hautpflege bei Hautschuppungen, Ekzemen und Neurodermitis sowie Psoriasis eingesetzt. Dar\u00fcber hinaus dient die Salbe auch zur Behandlung bei Muskelkater, Oberbauchschmerzen und Nebenh\u00f6hlenentz\u00fcndung &#8211;<\/p>\n","protected":false},"excerpt":{"rendered":"<p>Mineralstoffsalbe Nr. 6 Kalium Sulfat wird als Hautpflege bei Hautschuppungen, Ekzemen und Neurodermitis sowie Psoriasis eingesetzt. Dar\u00fcber hinaus dient die Salbe auch zur Behandlung bei Muskelkater, Oberbauchschmerzen und Nebenh\u00f6hlenentz\u00fcndung &#8211;<\/p>\n","protected":false},"featured_media":39260,"template":"","meta":{"_acf_changed":false},"product_brand":[928],"product_cat":[801],"product_tag":[],"class_list":{"0":"post-39258","1":"product","2":"type-product","3":"status-publish","4":"has-post-thumbnail","6":"product_brand-adler-pharma","7":"product_cat-a","8":"pa_farbe-weiss","9":"pa_geschmack-neutral","10":"pa_packungsgroesse-200ml","11":"pa_packungsgroesse-50ml","13":"first","14":"instock","15":"shipping-taxable","16":"purchasable","17":"product-type-simple"},"acf":[],"_links":{"self":[{"href":"https:\/\/www.ernstbrunn-apotheke.at\/katalog\/wp-json\/wp\/v2\/product\/39258","targetHints":{"allow":["GET"]}}],"collection":[{"href":"https:\/\/www.ernstbrunn-apotheke.at\/katalog\/wp-json\/wp\/v2\/product"}],"about":[{"href":"https:\/\/www.ernstbrunn-apotheke.at\/katalog\/wp-json\/wp\/v2\/types\/product"}],"wp:featuredmedia":[{"embeddable":true,"href":"https:\/\/www.ernstbrunn-apotheke.at\/katalog\/wp-json\/wp\/v2\/media\/39260"}],"wp:attachment":[{"href":"https:\/\/www.ernstbrunn-apotheke.at\/katalog\/wp-json\/wp\/v2\/media?parent=39258"}],"wp:term":[{"taxonomy":"product_brand","embeddable":true,"href":"https:\/\/www.ernstbrunn-apotheke.at\/katalog\/wp-json\/wp\/v2\/product_brand?post=39258"},{"taxonomy":"product_cat","embeddable":true,"href":"https:\/\/www.ernstbrunn-apotheke.at\/katalog\/wp-json\/wp\/v2\/product_cat?post=39258"},{"taxonomy":"product_tag","embeddable":true,"href":"https:\/\/www.ernstbrunn-apotheke.at\/katalog\/wp-json\/wp\/v2\/product_tag?post=39258"}],"curies":[{"name":"wp","href":"https:\/\/api.w.org\/{rel}","templated":true}]}}