{"id":39248,"date":"2025-11-10T13:50:18","date_gmt":"2025-11-10T12:50:18","guid":{"rendered":"https:\/\/www.ernstbrunn-apotheke.at\/katalog\/produkt\/schuessler-nr-3-ferrum-phosphoricum-d12-kautabletten-100-g\/"},"modified":"2025-12-08T15:53:01","modified_gmt":"2025-12-08T14:53:01","slug":"schuessler-nr-3-ferrum-phosphoricum-d12-kautabletten-100-g","status":"publish","type":"product","link":"https:\/\/www.ernstbrunn-apotheke.at\/katalog\/produkt\/schuessler-nr-3-ferrum-phosphoricum-d12-kautabletten-100-g\/","title":{"rendered":"Sch\u00fc\u00dfler Nr. 3 Ferrum phosphoricum D12 Kautabletten 100 g"},"content":{"rendered":"<p>Sch\u00fc\u00dfler Nr. 3 Ferrum Phosphoricum Adler 100 g D 12 Kautabletten wirken als &#8222;Erste Hilfe&#8220; bei akuten Verletzungen, vor allem f\u00fcr die damit verbundenen Schmerzen. Beginnende entz\u00fcndliche Prozesse und frische Wunden, aber auch Kinderkrankheiten im Anfangsstadium werden g\u00fcnstig beeinflusst und die Widerstandskraft des K\u00f6rpers gest\u00e4rkt..<\/p>\n","protected":false},"excerpt":{"rendered":"<p>Sch\u00fc\u00dfler Nr. 3 Ferrum Phosphoricum Adler 100 g D 12 Kautabletten wirken als &#8222;Erste Hilfe&#8220; bei akuten Verletzungen, vor allem f\u00fcr die damit verbundenen Schmerzen. Beginnende entz\u00fcndliche Prozesse und frische Wunden, aber auch Kinderkrankheiten im Anfangsstadium werden g\u00fcnstig beeinflusst und die Widerstandskraft des K\u00f6rpers gest\u00e4rkt..<\/p>\n","protected":false},"featured_media":39250,"template":"","meta":{"_acf_changed":false},"product_brand":[938],"product_cat":[791],"product_tag":[],"class_list":{"0":"post-39248","1":"product","2":"type-product","3":"status-publish","4":"has-post-thumbnail","6":"product_brand-schuessler","7":"product_cat-s","8":"pa_packungsgroesse-100g","10":"first","11":"instock","12":"shipping-taxable","13":"purchasable","14":"product-type-simple"},"acf":[],"_links":{"self":[{"href":"https:\/\/www.ernstbrunn-apotheke.at\/katalog\/wp-json\/wp\/v2\/product\/39248","targetHints":{"allow":["GET"]}}],"collection":[{"href":"https:\/\/www.ernstbrunn-apotheke.at\/katalog\/wp-json\/wp\/v2\/product"}],"about":[{"href":"https:\/\/www.ernstbrunn-apotheke.at\/katalog\/wp-json\/wp\/v2\/types\/product"}],"wp:featuredmedia":[{"embeddable":true,"href":"https:\/\/www.ernstbrunn-apotheke.at\/katalog\/wp-json\/wp\/v2\/media\/39250"}],"wp:attachment":[{"href":"https:\/\/www.ernstbrunn-apotheke.at\/katalog\/wp-json\/wp\/v2\/media?parent=39248"}],"wp:term":[{"taxonomy":"product_brand","embeddable":true,"href":"https:\/\/www.ernstbrunn-apotheke.at\/katalog\/wp-json\/wp\/v2\/product_brand?post=39248"},{"taxonomy":"product_cat","embeddable":true,"href":"https:\/\/www.ernstbrunn-apotheke.at\/katalog\/wp-json\/wp\/v2\/product_cat?post=39248"},{"taxonomy":"product_tag","embeddable":true,"href":"https:\/\/www.ernstbrunn-apotheke.at\/katalog\/wp-json\/wp\/v2\/product_tag?post=39248"}],"curies":[{"name":"wp","href":"https:\/\/api.w.org\/{rel}","templated":true}]}}