{"id":39236,"date":"2025-11-10T13:50:18","date_gmt":"2025-11-10T12:50:18","guid":{"rendered":"https:\/\/www.ernstbrunn-apotheke.at\/katalog\/produkt\/adler-pharma-soft-feet-fusscreme-100-ml\/"},"modified":"2025-12-08T15:52:56","modified_gmt":"2025-12-08T14:52:56","slug":"adler-pharma-soft-feet-fusscreme-100-ml","status":"publish","type":"product","link":"https:\/\/www.ernstbrunn-apotheke.at\/katalog\/produkt\/adler-pharma-soft-feet-fusscreme-100-ml\/","title":{"rendered":"Adler Pharma Soft Feet Fu\u00dfcreme 100 ml"},"content":{"rendered":"<p>Adler Pharma Soft Feet Fu\u00dfcreme ist bei konsequenter Anwendung zur Pflege bei \u00fcberm\u00e4\u00dfiger Hornhautbildung und Schrunden bestens geeignet. Bienenwachs, aber auch Kakaobutter unterst\u00fctzen die Wirkung der enthaltenen Mineralsalze in verd\u00fcnnter Form. Ein spezieller Hautschutzkomplex mit Carnaubawachs f\u00f6rdert einen nat\u00fcrlichen Hautschutz.<\/p>\n","protected":false},"excerpt":{"rendered":"<p>Adler Pharma Soft Feet Fu\u00dfcreme ist bei konsequenter Anwendung zur Pflege bei \u00fcberm\u00e4\u00dfiger Hornhautbildung und Schrunden bestens geeignet. Bienenwachs, aber auch Kakaobutter unterst\u00fctzen die Wirkung der enthaltenen Mineralsalze in verd\u00fcnnter Form. Ein spezieller Hautschutzkomplex mit Carnaubawachs f\u00f6rdert einen nat\u00fcrlichen Hautschutz.<\/p>\n","protected":false},"featured_media":39238,"template":"","meta":{"_acf_changed":false},"product_brand":[928],"product_cat":[801],"product_tag":[],"class_list":{"0":"post-39236","1":"product","2":"type-product","3":"status-publish","4":"has-post-thumbnail","6":"product_brand-adler-pharma","7":"product_cat-a","8":"pa_packungsgroesse-100ml","10":"first","11":"instock","12":"shipping-taxable","13":"purchasable","14":"product-type-simple"},"acf":[],"_links":{"self":[{"href":"https:\/\/www.ernstbrunn-apotheke.at\/katalog\/wp-json\/wp\/v2\/product\/39236","targetHints":{"allow":["GET"]}}],"collection":[{"href":"https:\/\/www.ernstbrunn-apotheke.at\/katalog\/wp-json\/wp\/v2\/product"}],"about":[{"href":"https:\/\/www.ernstbrunn-apotheke.at\/katalog\/wp-json\/wp\/v2\/types\/product"}],"wp:featuredmedia":[{"embeddable":true,"href":"https:\/\/www.ernstbrunn-apotheke.at\/katalog\/wp-json\/wp\/v2\/media\/39238"}],"wp:attachment":[{"href":"https:\/\/www.ernstbrunn-apotheke.at\/katalog\/wp-json\/wp\/v2\/media?parent=39236"}],"wp:term":[{"taxonomy":"product_brand","embeddable":true,"href":"https:\/\/www.ernstbrunn-apotheke.at\/katalog\/wp-json\/wp\/v2\/product_brand?post=39236"},{"taxonomy":"product_cat","embeddable":true,"href":"https:\/\/www.ernstbrunn-apotheke.at\/katalog\/wp-json\/wp\/v2\/product_cat?post=39236"},{"taxonomy":"product_tag","embeddable":true,"href":"https:\/\/www.ernstbrunn-apotheke.at\/katalog\/wp-json\/wp\/v2\/product_tag?post=39236"}],"curies":[{"name":"wp","href":"https:\/\/api.w.org\/{rel}","templated":true}]}}