{"id":39218,"date":"2025-11-10T13:49:36","date_gmt":"2025-11-10T12:49:36","guid":{"rendered":"https:\/\/www.ernstbrunn-apotheke.at\/katalog\/produkt\/adler-pharma-schuessler-nr-18-calcium-sulfuricum-100-g-d-12\/"},"modified":"2025-12-08T15:52:52","modified_gmt":"2025-12-08T14:52:52","slug":"adler-pharma-schuessler-nr-18-calcium-sulfuricum-100-g-d-12","status":"publish","type":"product","link":"https:\/\/www.ernstbrunn-apotheke.at\/katalog\/produkt\/adler-pharma-schuessler-nr-18-calcium-sulfuricum-100-g-d-12\/","title":{"rendered":"Adler Pharma Sch\u00fc\u00dfler Nr. 18 Calcium Sulfuricum 100 g D 12"},"content":{"rendered":"<p>Sch\u00fc\u00dfler Nr. 18 Calcium Sulfuricum gilt in der Hom\u00f6opathie als Gegenmittel bei Quecksilbervergiftungen. Wegen seiner Verbindung von Schwefel und Kalk wird die Schwefelwirkung verst\u00e4rkt. Deshalb wirkt dieses biochemische Salz besser als andere Schwefelpr\u00e4parate gegen die genannten Erkrankungen. Au\u00dferdem unterst\u00fctzt es die Verbrennungsprozesse in der Zelle, welche wichtig f\u00fcr die Energiegewinnung sind.<\/p>\n","protected":false},"excerpt":{"rendered":"<p>Sch\u00fc\u00dfler Nr. 18 Calcium Sulfuricum gilt in der Hom\u00f6opathie als Gegenmittel bei Quecksilbervergiftungen. Wegen seiner Verbindung von Schwefel und Kalk wird die Schwefelwirkung verst\u00e4rkt. Deshalb wirkt dieses biochemische Salz besser als andere Schwefelpr\u00e4parate gegen die genannten Erkrankungen. Au\u00dferdem unterst\u00fctzt es die Verbrennungsprozesse in der Zelle, welche wichtig f\u00fcr die Energiegewinnung sind.<\/p>\n","protected":false},"featured_media":39220,"template":"","meta":{"_acf_changed":false},"product_brand":[928],"product_cat":[801],"product_tag":[],"class_list":{"0":"post-39218","1":"product","2":"type-product","3":"status-publish","4":"has-post-thumbnail","6":"product_brand-adler-pharma","7":"product_cat-a","8":"pa_packungsgroesse-250g","9":"pa_packungsgroesse-100g","11":"first","12":"instock","13":"shipping-taxable","14":"purchasable","15":"product-type-simple"},"acf":[],"_links":{"self":[{"href":"https:\/\/www.ernstbrunn-apotheke.at\/katalog\/wp-json\/wp\/v2\/product\/39218","targetHints":{"allow":["GET"]}}],"collection":[{"href":"https:\/\/www.ernstbrunn-apotheke.at\/katalog\/wp-json\/wp\/v2\/product"}],"about":[{"href":"https:\/\/www.ernstbrunn-apotheke.at\/katalog\/wp-json\/wp\/v2\/types\/product"}],"wp:featuredmedia":[{"embeddable":true,"href":"https:\/\/www.ernstbrunn-apotheke.at\/katalog\/wp-json\/wp\/v2\/media\/39220"}],"wp:attachment":[{"href":"https:\/\/www.ernstbrunn-apotheke.at\/katalog\/wp-json\/wp\/v2\/media?parent=39218"}],"wp:term":[{"taxonomy":"product_brand","embeddable":true,"href":"https:\/\/www.ernstbrunn-apotheke.at\/katalog\/wp-json\/wp\/v2\/product_brand?post=39218"},{"taxonomy":"product_cat","embeddable":true,"href":"https:\/\/www.ernstbrunn-apotheke.at\/katalog\/wp-json\/wp\/v2\/product_cat?post=39218"},{"taxonomy":"product_tag","embeddable":true,"href":"https:\/\/www.ernstbrunn-apotheke.at\/katalog\/wp-json\/wp\/v2\/product_tag?post=39218"}],"curies":[{"name":"wp","href":"https:\/\/api.w.org\/{rel}","templated":true}]}}