{"id":39208,"date":"2025-11-10T13:49:36","date_gmt":"2025-11-10T12:49:36","guid":{"rendered":"https:\/\/www.ernstbrunn-apotheke.at\/katalog\/produkt\/adler-pharma-ortho-aktiv-kalium-energie-kapseln-60-stk\/"},"modified":"2025-12-08T15:52:50","modified_gmt":"2025-12-08T14:52:50","slug":"adler-pharma-ortho-aktiv-kalium-energie-kapseln-60-stk","status":"publish","type":"product","link":"https:\/\/www.ernstbrunn-apotheke.at\/katalog\/produkt\/adler-pharma-ortho-aktiv-kalium-energie-kapseln-60-stk\/","title":{"rendered":"Adler Pharma Ortho Aktiv Kalium Energie Kapseln 60 Stk."},"content":{"rendered":"<p>Adler Ortho Aktiv &#8211; die auf jedes Sch\u00fc\u00dfler Salz von Nr. 1 &#8211; Nr. 12 abgestimmte N\u00e4hrstoffkombinationen, welche die ganzk\u00f6rperliche Wirkung des betreffenden Sch\u00fc\u00dfler Salzes begleiten und unterst\u00fctzen.Kalium tr\u00e4gt zu einer normalen Funktion des Nervensystems und einer normalen Muskelfunktion beiNiacin tr\u00e4gt zu einem normalen Energiestoffwechsel und zur Verringerung von M\u00fcdigkeit und Erm\u00fcdung beiThiamin tr\u00e4gt zu einem normalen Energiestoffwechsel, einer normalen Funktion des Nervensystems und zur normalen psychischen Funktion beiRiboflavin tr\u00e4gt zur Verringerung von M\u00fcdigkeit und Erm\u00fcdung beiPantothens\u00e4ure tr\u00e4gt zu einem normalen Energiestoffwechsel, zur Verringerung von M\u00fcdigkeit und Erm\u00fcdung und zu einer normalen geistigen Leistung beiBiotin tr\u00e4gt zur normalen psychischen Funktion, normalen Funktion des Nervensystems und zu einem normalen Energiestoffwechsel beiFolat tr\u00e4gt zu einer normalen psychischen Funktion und zur Verringerung von M\u00fcdigkeit und Erm\u00fcdung beiVitamin B12 tr\u00e4gt zu einer normalen Funktion des Nervensystems und zu einem normalen Energiestoffwechsel beiEnth\u00e4lt Lecithin.<\/p>\n","protected":false},"excerpt":{"rendered":"<p>Adler Ortho Aktiv &#8211; die auf jedes Sch\u00fc\u00dfler Salz von Nr. 1 &#8211; Nr. 12 abgestimmte N\u00e4hrstoffkombinationen, welche die ganzk\u00f6rperliche Wirkung des betreffenden Sch\u00fc\u00dfler Salzes begleiten und unterst\u00fctzen.Kalium tr\u00e4gt zu einer normalen Funktion des Nervensystems und einer normalen Muskelfunktion beiNiacin tr\u00e4gt zu einem normalen Energiestoffwechsel und zur Verringerung von M\u00fcdigkeit und Erm\u00fcdung beiThiamin tr\u00e4gt zu [&hellip;]<\/p>\n","protected":false},"featured_media":39210,"template":"","meta":{"_acf_changed":false},"product_brand":[928],"product_cat":[801],"product_tag":[],"class_list":{"0":"post-39208","1":"product","2":"type-product","3":"status-publish","4":"has-post-thumbnail","6":"product_brand-adler-pharma","7":"product_cat-a","8":"pa_packungsgroesse-60-stueck","10":"first","11":"instock","12":"shipping-taxable","13":"purchasable","14":"product-type-simple"},"acf":[],"_links":{"self":[{"href":"https:\/\/www.ernstbrunn-apotheke.at\/katalog\/wp-json\/wp\/v2\/product\/39208","targetHints":{"allow":["GET"]}}],"collection":[{"href":"https:\/\/www.ernstbrunn-apotheke.at\/katalog\/wp-json\/wp\/v2\/product"}],"about":[{"href":"https:\/\/www.ernstbrunn-apotheke.at\/katalog\/wp-json\/wp\/v2\/types\/product"}],"wp:featuredmedia":[{"embeddable":true,"href":"https:\/\/www.ernstbrunn-apotheke.at\/katalog\/wp-json\/wp\/v2\/media\/39210"}],"wp:attachment":[{"href":"https:\/\/www.ernstbrunn-apotheke.at\/katalog\/wp-json\/wp\/v2\/media?parent=39208"}],"wp:term":[{"taxonomy":"product_brand","embeddable":true,"href":"https:\/\/www.ernstbrunn-apotheke.at\/katalog\/wp-json\/wp\/v2\/product_brand?post=39208"},{"taxonomy":"product_cat","embeddable":true,"href":"https:\/\/www.ernstbrunn-apotheke.at\/katalog\/wp-json\/wp\/v2\/product_cat?post=39208"},{"taxonomy":"product_tag","embeddable":true,"href":"https:\/\/www.ernstbrunn-apotheke.at\/katalog\/wp-json\/wp\/v2\/product_tag?post=39208"}],"curies":[{"name":"wp","href":"https:\/\/api.w.org\/{rel}","templated":true}]}}