{"id":39204,"date":"2025-11-10T13:49:36","date_gmt":"2025-11-10T12:49:36","guid":{"rendered":"https:\/\/www.ernstbrunn-apotheke.at\/katalog\/produkt\/adler-pharma-schuessler-creme-gel-nr-2\/"},"modified":"2025-12-08T15:52:49","modified_gmt":"2025-12-08T14:52:49","slug":"adler-pharma-schuessler-creme-gel-nr-2","status":"publish","type":"product","link":"https:\/\/www.ernstbrunn-apotheke.at\/katalog\/produkt\/adler-pharma-schuessler-creme-gel-nr-2\/","title":{"rendered":"Adler Pharma Sch\u00fc\u00dfler Creme Gel Nr. 2"},"content":{"rendered":"<p>Adler Pharma Dr. Sch\u00fc\u00dfler Creme Gel Nr. 2 st\u00e4rkt die Haut. Das Cremegel hat den Vorteil, dass die Wirkstoffe ohne Umwege direkt an den Behandlungsort kommen. Die Mineralstoffe werden sehr rasch in die Haut aufgenommen und haben eine intensive Tiefenwirkung.<\/p>\n","protected":false},"excerpt":{"rendered":"<p>Adler Pharma Dr. Sch\u00fc\u00dfler Creme Gel Nr. 2 st\u00e4rkt die Haut. Das Cremegel hat den Vorteil, dass die Wirkstoffe ohne Umwege direkt an den Behandlungsort kommen. Die Mineralstoffe werden sehr rasch in die Haut aufgenommen und haben eine intensive Tiefenwirkung.<\/p>\n","protected":false},"featured_media":39206,"template":"","meta":{"_acf_changed":false},"product_brand":[928],"product_cat":[801],"product_tag":[],"class_list":{"0":"post-39204","1":"product","2":"type-product","3":"status-publish","4":"has-post-thumbnail","6":"product_brand-adler-pharma","7":"product_cat-a","8":"pa_farbe-weiss","9":"pa_geschmack-neutral","10":"pa_packungsgroesse-200ml","11":"pa_packungsgroesse-50ml","13":"first","14":"instock","15":"shipping-taxable","16":"purchasable","17":"product-type-simple"},"acf":[],"_links":{"self":[{"href":"https:\/\/www.ernstbrunn-apotheke.at\/katalog\/wp-json\/wp\/v2\/product\/39204","targetHints":{"allow":["GET"]}}],"collection":[{"href":"https:\/\/www.ernstbrunn-apotheke.at\/katalog\/wp-json\/wp\/v2\/product"}],"about":[{"href":"https:\/\/www.ernstbrunn-apotheke.at\/katalog\/wp-json\/wp\/v2\/types\/product"}],"wp:featuredmedia":[{"embeddable":true,"href":"https:\/\/www.ernstbrunn-apotheke.at\/katalog\/wp-json\/wp\/v2\/media\/39206"}],"wp:attachment":[{"href":"https:\/\/www.ernstbrunn-apotheke.at\/katalog\/wp-json\/wp\/v2\/media?parent=39204"}],"wp:term":[{"taxonomy":"product_brand","embeddable":true,"href":"https:\/\/www.ernstbrunn-apotheke.at\/katalog\/wp-json\/wp\/v2\/product_brand?post=39204"},{"taxonomy":"product_cat","embeddable":true,"href":"https:\/\/www.ernstbrunn-apotheke.at\/katalog\/wp-json\/wp\/v2\/product_cat?post=39204"},{"taxonomy":"product_tag","embeddable":true,"href":"https:\/\/www.ernstbrunn-apotheke.at\/katalog\/wp-json\/wp\/v2\/product_tag?post=39204"}],"curies":[{"name":"wp","href":"https:\/\/api.w.org\/{rel}","templated":true}]}}