{"id":39173,"date":"2025-11-10T13:48:54","date_gmt":"2025-11-10T12:48:54","guid":{"rendered":"https:\/\/www.ernstbrunn-apotheke.at\/katalog\/produkt\/adler-pharma-schuessler-koerpercreme-regeneration-200-ml\/"},"modified":"2025-12-08T15:52:37","modified_gmt":"2025-12-08T14:52:37","slug":"adler-pharma-schuessler-koerpercreme-regeneration-200-ml","status":"publish","type":"product","link":"https:\/\/www.ernstbrunn-apotheke.at\/katalog\/produkt\/adler-pharma-schuessler-koerpercreme-regeneration-200-ml\/","title":{"rendered":"Adler Pharma Sch\u00fc\u00dfler K\u00f6rpercreme Regeneration 200 ml"},"content":{"rendered":"<p>Adler Pharma Dr. Sch\u00fc\u00dfler K\u00f6rpercreme Regeneration verfeinert das Hautbild wesentlich. Sie enth\u00e4lt Mineralstoffe, die die Haut festigen, das Bindegewebe st\u00e4rken und die Pigmentierung der Haut regulieren. Die Bildung von Pigmentflecken wird gehemmt. Die K\u00f6rpercreme unterst\u00fctzt zudem den Feuchtigkeitshaushalt der Haut.<\/p>\n","protected":false},"excerpt":{"rendered":"<p>Adler Pharma Dr. Sch\u00fc\u00dfler K\u00f6rpercreme Regeneration verfeinert das Hautbild wesentlich. Sie enth\u00e4lt Mineralstoffe, die die Haut festigen, das Bindegewebe st\u00e4rken und die Pigmentierung der Haut regulieren. Die Bildung von Pigmentflecken wird gehemmt. Die K\u00f6rpercreme unterst\u00fctzt zudem den Feuchtigkeitshaushalt der Haut.<\/p>\n","protected":false},"featured_media":39175,"template":"","meta":{"_acf_changed":false},"product_brand":[928],"product_cat":[801],"product_tag":[],"class_list":{"0":"post-39173","1":"product","2":"type-product","3":"status-publish","4":"has-post-thumbnail","6":"product_brand-adler-pharma","7":"product_cat-a","8":"pa_farbe-weiss","9":"pa_geschmack-olive","10":"pa_packungsgroesse-200ml","12":"first","13":"instock","14":"shipping-taxable","15":"purchasable","16":"product-type-simple"},"acf":[],"_links":{"self":[{"href":"https:\/\/www.ernstbrunn-apotheke.at\/katalog\/wp-json\/wp\/v2\/product\/39173","targetHints":{"allow":["GET"]}}],"collection":[{"href":"https:\/\/www.ernstbrunn-apotheke.at\/katalog\/wp-json\/wp\/v2\/product"}],"about":[{"href":"https:\/\/www.ernstbrunn-apotheke.at\/katalog\/wp-json\/wp\/v2\/types\/product"}],"wp:featuredmedia":[{"embeddable":true,"href":"https:\/\/www.ernstbrunn-apotheke.at\/katalog\/wp-json\/wp\/v2\/media\/39175"}],"wp:attachment":[{"href":"https:\/\/www.ernstbrunn-apotheke.at\/katalog\/wp-json\/wp\/v2\/media?parent=39173"}],"wp:term":[{"taxonomy":"product_brand","embeddable":true,"href":"https:\/\/www.ernstbrunn-apotheke.at\/katalog\/wp-json\/wp\/v2\/product_brand?post=39173"},{"taxonomy":"product_cat","embeddable":true,"href":"https:\/\/www.ernstbrunn-apotheke.at\/katalog\/wp-json\/wp\/v2\/product_cat?post=39173"},{"taxonomy":"product_tag","embeddable":true,"href":"https:\/\/www.ernstbrunn-apotheke.at\/katalog\/wp-json\/wp\/v2\/product_tag?post=39173"}],"curies":[{"name":"wp","href":"https:\/\/api.w.org\/{rel}","templated":true}]}}