{"id":39161,"date":"2025-11-10T13:48:25","date_gmt":"2025-11-10T12:48:25","guid":{"rendered":"https:\/\/www.ernstbrunn-apotheke.at\/katalog\/produkt\/adler-pharma-schuessler-nr-24-arsen-jodatum-100-g-d-12\/"},"modified":"2025-12-08T15:52:33","modified_gmt":"2025-12-08T14:52:33","slug":"adler-pharma-schuessler-nr-24-arsen-jodatum-100-g-d-12","status":"publish","type":"product","link":"https:\/\/www.ernstbrunn-apotheke.at\/katalog\/produkt\/adler-pharma-schuessler-nr-24-arsen-jodatum-100-g-d-12\/","title":{"rendered":"Adler Pharma Sch\u00fc\u00dfler Nr. 24 Arsen Jodatum 100 g D 12"},"content":{"rendered":"<p>Adler Pharma Sch\u00fc\u00dfler Nr. 24 Arsen Jodatum wirkt zwar auf den ganzen Organismus, jedoch vor allem aber auf die Haut und Schleimh\u00e4ute. Au\u00dferdem wird der K\u00f6rper bei der Herstellung des Schilddr\u00fcsenhormons Thyroxin von Jod-Ionen unterst\u00fctzt. Denn wenn der K\u00f6rper zu wenig Thyroxin bildet, kann ein Kropf entstehen oder eine allgemeine Schw\u00e4che auftreten.<\/p>\n","protected":false},"excerpt":{"rendered":"<p>Adler Pharma Sch\u00fc\u00dfler Nr. 24 Arsen Jodatum wirkt zwar auf den ganzen Organismus, jedoch vor allem aber auf die Haut und Schleimh\u00e4ute. Au\u00dferdem wird der K\u00f6rper bei der Herstellung des Schilddr\u00fcsenhormons Thyroxin von Jod-Ionen unterst\u00fctzt. Denn wenn der K\u00f6rper zu wenig Thyroxin bildet, kann ein Kropf entstehen oder eine allgemeine Schw\u00e4che auftreten.<\/p>\n","protected":false},"featured_media":39163,"template":"","meta":{"_acf_changed":false},"product_brand":[928],"product_cat":[801],"product_tag":[],"class_list":{"0":"post-39161","1":"product","2":"type-product","3":"status-publish","4":"has-post-thumbnail","6":"product_brand-adler-pharma","7":"product_cat-a","8":"pa_packungsgroesse-1000g","9":"pa_packungsgroesse-250g","10":"pa_packungsgroesse-100g","12":"first","13":"instock","14":"shipping-taxable","15":"purchasable","16":"product-type-simple"},"acf":[],"_links":{"self":[{"href":"https:\/\/www.ernstbrunn-apotheke.at\/katalog\/wp-json\/wp\/v2\/product\/39161","targetHints":{"allow":["GET"]}}],"collection":[{"href":"https:\/\/www.ernstbrunn-apotheke.at\/katalog\/wp-json\/wp\/v2\/product"}],"about":[{"href":"https:\/\/www.ernstbrunn-apotheke.at\/katalog\/wp-json\/wp\/v2\/types\/product"}],"wp:featuredmedia":[{"embeddable":true,"href":"https:\/\/www.ernstbrunn-apotheke.at\/katalog\/wp-json\/wp\/v2\/media\/39163"}],"wp:attachment":[{"href":"https:\/\/www.ernstbrunn-apotheke.at\/katalog\/wp-json\/wp\/v2\/media?parent=39161"}],"wp:term":[{"taxonomy":"product_brand","embeddable":true,"href":"https:\/\/www.ernstbrunn-apotheke.at\/katalog\/wp-json\/wp\/v2\/product_brand?post=39161"},{"taxonomy":"product_cat","embeddable":true,"href":"https:\/\/www.ernstbrunn-apotheke.at\/katalog\/wp-json\/wp\/v2\/product_cat?post=39161"},{"taxonomy":"product_tag","embeddable":true,"href":"https:\/\/www.ernstbrunn-apotheke.at\/katalog\/wp-json\/wp\/v2\/product_tag?post=39161"}],"curies":[{"name":"wp","href":"https:\/\/api.w.org\/{rel}","templated":true}]}}