{"id":39158,"date":"2025-11-10T13:48:25","date_gmt":"2025-11-10T12:48:25","guid":{"rendered":"https:\/\/www.ernstbrunn-apotheke.at\/katalog\/produkt\/adler-pharma-schuessler-pre-after-sun-gel-200-ml\/"},"modified":"2025-12-08T15:52:31","modified_gmt":"2025-12-08T14:52:31","slug":"adler-pharma-schuessler-pre-after-sun-gel-200-ml","status":"publish","type":"product","link":"https:\/\/www.ernstbrunn-apotheke.at\/katalog\/produkt\/adler-pharma-schuessler-pre-after-sun-gel-200-ml\/","title":{"rendered":"Adler Pharma Sch\u00fc\u00dfler Pre + After Sun Gel 200 ml"},"content":{"rendered":"<p>Adler Pharma Dr. Sch\u00fc\u00dfler Pre + After Sun Gel bietet optimale Pflege vor und nach dem Sonnenbaden. Es ist OM24 in die Formel eingearbeitet. Dies ist ein nat\u00fcrlicher und effektiver 24-Stunden-Zellschutz mit vielen Antioxidantien, welche die freien Radikale, die unter anderem durch UV-Strahlung entstehen, abfangen und somit unsch\u00e4dlich machen.<\/p>\n","protected":false},"excerpt":{"rendered":"<p>Adler Pharma Dr. Sch\u00fc\u00dfler Pre + After Sun Gel bietet optimale Pflege vor und nach dem Sonnenbaden. Es ist OM24 in die Formel eingearbeitet. Dies ist ein nat\u00fcrlicher und effektiver 24-Stunden-Zellschutz mit vielen Antioxidantien, welche die freien Radikale, die unter anderem durch UV-Strahlung entstehen, abfangen und somit unsch\u00e4dlich machen.<\/p>\n","protected":false},"featured_media":39160,"template":"","meta":{"_acf_changed":false},"product_brand":[928],"product_cat":[801],"product_tag":[],"class_list":{"0":"post-39158","1":"product","2":"type-product","3":"status-publish","4":"has-post-thumbnail","6":"product_brand-adler-pharma","7":"product_cat-a","8":"pa_farbe-braun","9":"pa_geschmack-tee","10":"pa_packungsgroesse-200ml","12":"first","13":"instock","14":"shipping-taxable","15":"purchasable","16":"product-type-simple"},"acf":[],"_links":{"self":[{"href":"https:\/\/www.ernstbrunn-apotheke.at\/katalog\/wp-json\/wp\/v2\/product\/39158","targetHints":{"allow":["GET"]}}],"collection":[{"href":"https:\/\/www.ernstbrunn-apotheke.at\/katalog\/wp-json\/wp\/v2\/product"}],"about":[{"href":"https:\/\/www.ernstbrunn-apotheke.at\/katalog\/wp-json\/wp\/v2\/types\/product"}],"wp:featuredmedia":[{"embeddable":true,"href":"https:\/\/www.ernstbrunn-apotheke.at\/katalog\/wp-json\/wp\/v2\/media\/39160"}],"wp:attachment":[{"href":"https:\/\/www.ernstbrunn-apotheke.at\/katalog\/wp-json\/wp\/v2\/media?parent=39158"}],"wp:term":[{"taxonomy":"product_brand","embeddable":true,"href":"https:\/\/www.ernstbrunn-apotheke.at\/katalog\/wp-json\/wp\/v2\/product_brand?post=39158"},{"taxonomy":"product_cat","embeddable":true,"href":"https:\/\/www.ernstbrunn-apotheke.at\/katalog\/wp-json\/wp\/v2\/product_cat?post=39158"},{"taxonomy":"product_tag","embeddable":true,"href":"https:\/\/www.ernstbrunn-apotheke.at\/katalog\/wp-json\/wp\/v2\/product_tag?post=39158"}],"curies":[{"name":"wp","href":"https:\/\/api.w.org\/{rel}","templated":true}]}}