{"id":39148,"date":"2025-11-10T13:48:25","date_gmt":"2025-11-10T12:48:25","guid":{"rendered":"https:\/\/www.ernstbrunn-apotheke.at\/katalog\/produkt\/biochemie-nach-dr-schuessler-zell-nubliron-100-g\/"},"modified":"2025-12-08T15:52:30","modified_gmt":"2025-12-08T14:52:30","slug":"biochemie-nach-dr-schuessler-zell-nubliron-100-g","status":"publish","type":"product","link":"https:\/\/www.ernstbrunn-apotheke.at\/katalog\/produkt\/biochemie-nach-dr-schuessler-zell-nubliron-100-g\/","title":{"rendered":"Biochemie nach Dr. Sch\u00fc\u00dfler Zell Nubliron 100 g"},"content":{"rendered":"<p>Adler Pharma Biochemie nach Dr. Sch\u00fc\u00dfler Zell Nubliron Tabletten beeinflussen die geistige Frische positiv. Sie werden empfohlen bei Defiziten in der Aufmerksamkeit, Wachheit und Pr\u00e4senz, bei zunehmender Vergesslichkeit als Folge geistiger \u00dcberarbeitung sowie Teilnahmslosigkeit. Sie eignen sich f\u00fcr jedes Alter. Bereits Schulkinder leiden oft an Stress und \u00dcberlastung.<\/p>\n","protected":false},"excerpt":{"rendered":"<p>Adler Pharma Biochemie nach Dr. Sch\u00fc\u00dfler Zell Nubliron Tabletten beeinflussen die geistige Frische positiv. Sie werden empfohlen bei Defiziten in der Aufmerksamkeit, Wachheit und Pr\u00e4senz, bei zunehmender Vergesslichkeit als Folge geistiger \u00dcberarbeitung sowie Teilnahmslosigkeit. Sie eignen sich f\u00fcr jedes Alter. Bereits Schulkinder leiden oft an Stress und \u00dcberlastung.<\/p>\n","protected":false},"featured_media":39150,"template":"","meta":{"_acf_changed":false},"product_brand":[938],"product_cat":[802],"product_tag":[],"class_list":{"0":"post-39148","1":"product","2":"type-product","3":"status-publish","4":"has-post-thumbnail","6":"product_brand-schuessler","7":"product_cat-b","8":"pa_packungsgroesse-100g","10":"first","11":"instock","12":"shipping-taxable","13":"purchasable","14":"product-type-simple"},"acf":[],"_links":{"self":[{"href":"https:\/\/www.ernstbrunn-apotheke.at\/katalog\/wp-json\/wp\/v2\/product\/39148","targetHints":{"allow":["GET"]}}],"collection":[{"href":"https:\/\/www.ernstbrunn-apotheke.at\/katalog\/wp-json\/wp\/v2\/product"}],"about":[{"href":"https:\/\/www.ernstbrunn-apotheke.at\/katalog\/wp-json\/wp\/v2\/types\/product"}],"wp:featuredmedia":[{"embeddable":true,"href":"https:\/\/www.ernstbrunn-apotheke.at\/katalog\/wp-json\/wp\/v2\/media\/39150"}],"wp:attachment":[{"href":"https:\/\/www.ernstbrunn-apotheke.at\/katalog\/wp-json\/wp\/v2\/media?parent=39148"}],"wp:term":[{"taxonomy":"product_brand","embeddable":true,"href":"https:\/\/www.ernstbrunn-apotheke.at\/katalog\/wp-json\/wp\/v2\/product_brand?post=39148"},{"taxonomy":"product_cat","embeddable":true,"href":"https:\/\/www.ernstbrunn-apotheke.at\/katalog\/wp-json\/wp\/v2\/product_cat?post=39148"},{"taxonomy":"product_tag","embeddable":true,"href":"https:\/\/www.ernstbrunn-apotheke.at\/katalog\/wp-json\/wp\/v2\/product_tag?post=39148"}],"curies":[{"name":"wp","href":"https:\/\/api.w.org\/{rel}","templated":true}]}}