{"id":39145,"date":"2025-11-10T13:48:25","date_gmt":"2025-11-10T12:48:25","guid":{"rendered":"https:\/\/www.ernstbrunn-apotheke.at\/katalog\/produkt\/adler-pharma-schuessler-hand-nail-lotion-50-ml\/"},"modified":"2025-12-08T15:52:28","modified_gmt":"2025-12-08T14:52:28","slug":"adler-pharma-schuessler-hand-nail-lotion-50-ml","status":"publish","type":"product","link":"https:\/\/www.ernstbrunn-apotheke.at\/katalog\/produkt\/adler-pharma-schuessler-hand-nail-lotion-50-ml\/","title":{"rendered":"Adler Pharma Sch\u00fc\u00dfler Hand &#038; Nail Lotion 50 ml"},"content":{"rendered":"<p>Adler Pharma Dr. Sch\u00fc\u00dfler Hand &#038; Nail Lotion ist eine Feuchtigkeit spendende Hand- und Nagelpflege mit hoch verd\u00fcnnten Mineralstoffen, welche rasch in die Haut einzieht. Problemen wie rissigen oder schrundigen H\u00e4nden kann durch regelm\u00e4\u00dfiges Anwenden dieser Lotion wirksam vorgebeugt werden. Harte Handinnenfl\u00e4chen werden wieder weich und geschmeidig.<\/p>\n","protected":false},"excerpt":{"rendered":"<p>Adler Pharma Dr. Sch\u00fc\u00dfler Hand &#038; Nail Lotion ist eine Feuchtigkeit spendende Hand- und Nagelpflege mit hoch verd\u00fcnnten Mineralstoffen, welche rasch in die Haut einzieht. Problemen wie rissigen oder schrundigen H\u00e4nden kann durch regelm\u00e4\u00dfiges Anwenden dieser Lotion wirksam vorgebeugt werden. Harte Handinnenfl\u00e4chen werden wieder weich und geschmeidig.<\/p>\n","protected":false},"featured_media":39147,"template":"","meta":{"_acf_changed":false},"product_brand":[928],"product_cat":[801],"product_tag":[],"class_list":{"0":"post-39145","1":"product","2":"type-product","3":"status-publish","4":"has-post-thumbnail","6":"product_brand-adler-pharma","7":"product_cat-a","8":"pa_farbe-weiss","9":"pa_geschmack-orange","10":"pa_packungsgroesse-50ml","12":"first","13":"instock","14":"shipping-taxable","15":"purchasable","16":"product-type-simple"},"acf":[],"_links":{"self":[{"href":"https:\/\/www.ernstbrunn-apotheke.at\/katalog\/wp-json\/wp\/v2\/product\/39145","targetHints":{"allow":["GET"]}}],"collection":[{"href":"https:\/\/www.ernstbrunn-apotheke.at\/katalog\/wp-json\/wp\/v2\/product"}],"about":[{"href":"https:\/\/www.ernstbrunn-apotheke.at\/katalog\/wp-json\/wp\/v2\/types\/product"}],"wp:featuredmedia":[{"embeddable":true,"href":"https:\/\/www.ernstbrunn-apotheke.at\/katalog\/wp-json\/wp\/v2\/media\/39147"}],"wp:attachment":[{"href":"https:\/\/www.ernstbrunn-apotheke.at\/katalog\/wp-json\/wp\/v2\/media?parent=39145"}],"wp:term":[{"taxonomy":"product_brand","embeddable":true,"href":"https:\/\/www.ernstbrunn-apotheke.at\/katalog\/wp-json\/wp\/v2\/product_brand?post=39145"},{"taxonomy":"product_cat","embeddable":true,"href":"https:\/\/www.ernstbrunn-apotheke.at\/katalog\/wp-json\/wp\/v2\/product_cat?post=39145"},{"taxonomy":"product_tag","embeddable":true,"href":"https:\/\/www.ernstbrunn-apotheke.at\/katalog\/wp-json\/wp\/v2\/product_tag?post=39145"}],"curies":[{"name":"wp","href":"https:\/\/api.w.org\/{rel}","templated":true}]}}