{"id":39141,"date":"2025-11-10T13:48:06","date_gmt":"2025-11-10T12:48:06","guid":{"rendered":"https:\/\/www.ernstbrunn-apotheke.at\/katalog\/produkt\/adler-pharma-schuessler-nr-13-kalium-arsenum-100-g-d-12\/"},"modified":"2025-12-08T15:52:27","modified_gmt":"2025-12-08T14:52:27","slug":"adler-pharma-schuessler-nr-13-kalium-arsenum-100-g-d-12","status":"publish","type":"product","link":"https:\/\/www.ernstbrunn-apotheke.at\/katalog\/produkt\/adler-pharma-schuessler-nr-13-kalium-arsenum-100-g-d-12\/","title":{"rendered":"Adler Pharma Sch\u00fc\u00dfler Nr. 13 Kalium Arsenum 100 g D 12"},"content":{"rendered":"<p>Adler Sch\u00fc\u00dfler Salze Nr. 13 Kalium arsenicosum D12 Tabletten wirkt regulierend und stabilisierend auf Haut, Schleimh\u00e4ute und Herz. Zum Einsatz kommt es vor allem bei chronischen Erkrankungen der Haut. Au\u00dferdem erm\u00f6glicht Kalium die Arbeit von Nerven und Muskeln. Ein Mangel daran kann etwa zu reduzierten Reflexen, geschw\u00e4chter Muskulatur sowie Magen- und Darmfunktion, niedrigem Blutdruck und \u00d6demen f\u00fchren.<\/p>\n","protected":false},"excerpt":{"rendered":"<p>Adler Sch\u00fc\u00dfler Salze Nr. 13 Kalium arsenicosum D12 Tabletten wirkt regulierend und stabilisierend auf Haut, Schleimh\u00e4ute und Herz. Zum Einsatz kommt es vor allem bei chronischen Erkrankungen der Haut. Au\u00dferdem erm\u00f6glicht Kalium die Arbeit von Nerven und Muskeln. Ein Mangel daran kann etwa zu reduzierten Reflexen, geschw\u00e4chter Muskulatur sowie Magen- und Darmfunktion, niedrigem Blutdruck und [&hellip;]<\/p>\n","protected":false},"featured_media":39143,"template":"","meta":{"_acf_changed":false},"product_brand":[928],"product_cat":[801],"product_tag":[],"class_list":{"0":"post-39141","1":"product","2":"type-product","3":"status-publish","4":"has-post-thumbnail","6":"product_brand-adler-pharma","7":"product_cat-a","8":"pa_packungsgroesse-250g","9":"pa_packungsgroesse-100g","11":"first","12":"instock","13":"shipping-taxable","14":"purchasable","15":"product-type-simple"},"acf":[],"_links":{"self":[{"href":"https:\/\/www.ernstbrunn-apotheke.at\/katalog\/wp-json\/wp\/v2\/product\/39141","targetHints":{"allow":["GET"]}}],"collection":[{"href":"https:\/\/www.ernstbrunn-apotheke.at\/katalog\/wp-json\/wp\/v2\/product"}],"about":[{"href":"https:\/\/www.ernstbrunn-apotheke.at\/katalog\/wp-json\/wp\/v2\/types\/product"}],"wp:featuredmedia":[{"embeddable":true,"href":"https:\/\/www.ernstbrunn-apotheke.at\/katalog\/wp-json\/wp\/v2\/media\/39143"}],"wp:attachment":[{"href":"https:\/\/www.ernstbrunn-apotheke.at\/katalog\/wp-json\/wp\/v2\/media?parent=39141"}],"wp:term":[{"taxonomy":"product_brand","embeddable":true,"href":"https:\/\/www.ernstbrunn-apotheke.at\/katalog\/wp-json\/wp\/v2\/product_brand?post=39141"},{"taxonomy":"product_cat","embeddable":true,"href":"https:\/\/www.ernstbrunn-apotheke.at\/katalog\/wp-json\/wp\/v2\/product_cat?post=39141"},{"taxonomy":"product_tag","embeddable":true,"href":"https:\/\/www.ernstbrunn-apotheke.at\/katalog\/wp-json\/wp\/v2\/product_tag?post=39141"}],"curies":[{"name":"wp","href":"https:\/\/api.w.org\/{rel}","templated":true}]}}