{"id":39135,"date":"2025-11-10T13:48:06","date_gmt":"2025-11-10T12:48:06","guid":{"rendered":"https:\/\/www.ernstbrunn-apotheke.at\/katalog\/produkt\/adler-pharma-schuessler-cremalip-10-ml\/"},"modified":"2025-12-08T15:52:25","modified_gmt":"2025-12-08T14:52:25","slug":"adler-pharma-schuessler-cremalip-10-ml","status":"publish","type":"product","link":"https:\/\/www.ernstbrunn-apotheke.at\/katalog\/produkt\/adler-pharma-schuessler-cremalip-10-ml\/","title":{"rendered":"Adler Pharma Sch\u00fc\u00dfler Cremalip 10 ml"},"content":{"rendered":"<p>Adler Pharma Dr. Sch\u00fc\u00dfler Cremalip regeneriert mit hochverd\u00fcnnten Mineralstoffen und Dexpanthenol trockene, rissige und zu Bl\u00e4schen neigende Lippen. Die Creme aus nat\u00fcrlichen Lipiden versorgt die zarten Lippen mit pflegenden Bestandteilen. Die enthaltenen hoch verd\u00fcnnten Mineralstoffe unterst\u00fctzen sanft die Regeneration rissiger, trockener Lippen und beugen Bl\u00e4schenbildung vor..<\/p>\n","protected":false},"excerpt":{"rendered":"<p>Adler Pharma Dr. Sch\u00fc\u00dfler Cremalip regeneriert mit hochverd\u00fcnnten Mineralstoffen und Dexpanthenol trockene, rissige und zu Bl\u00e4schen neigende Lippen. Die Creme aus nat\u00fcrlichen Lipiden versorgt die zarten Lippen mit pflegenden Bestandteilen. Die enthaltenen hoch verd\u00fcnnten Mineralstoffe unterst\u00fctzen sanft die Regeneration rissiger, trockener Lippen und beugen Bl\u00e4schenbildung vor..<\/p>\n","protected":false},"featured_media":39137,"template":"","meta":{"_acf_changed":false},"product_brand":[928],"product_cat":[801],"product_tag":[],"class_list":{"0":"post-39135","1":"product","2":"type-product","3":"status-publish","4":"has-post-thumbnail","6":"product_brand-adler-pharma","7":"product_cat-a","8":"pa_farbe-weiss-gelblich","9":"pa_geschmack-neutral","10":"pa_packungsgroesse-10ml","12":"first","13":"instock","14":"shipping-taxable","15":"purchasable","16":"product-type-simple"},"acf":[],"_links":{"self":[{"href":"https:\/\/www.ernstbrunn-apotheke.at\/katalog\/wp-json\/wp\/v2\/product\/39135","targetHints":{"allow":["GET"]}}],"collection":[{"href":"https:\/\/www.ernstbrunn-apotheke.at\/katalog\/wp-json\/wp\/v2\/product"}],"about":[{"href":"https:\/\/www.ernstbrunn-apotheke.at\/katalog\/wp-json\/wp\/v2\/types\/product"}],"wp:featuredmedia":[{"embeddable":true,"href":"https:\/\/www.ernstbrunn-apotheke.at\/katalog\/wp-json\/wp\/v2\/media\/39137"}],"wp:attachment":[{"href":"https:\/\/www.ernstbrunn-apotheke.at\/katalog\/wp-json\/wp\/v2\/media?parent=39135"}],"wp:term":[{"taxonomy":"product_brand","embeddable":true,"href":"https:\/\/www.ernstbrunn-apotheke.at\/katalog\/wp-json\/wp\/v2\/product_brand?post=39135"},{"taxonomy":"product_cat","embeddable":true,"href":"https:\/\/www.ernstbrunn-apotheke.at\/katalog\/wp-json\/wp\/v2\/product_cat?post=39135"},{"taxonomy":"product_tag","embeddable":true,"href":"https:\/\/www.ernstbrunn-apotheke.at\/katalog\/wp-json\/wp\/v2\/product_tag?post=39135"}],"curies":[{"name":"wp","href":"https:\/\/api.w.org\/{rel}","templated":true}]}}