{"id":39131,"date":"2025-11-10T13:48:06","date_gmt":"2025-11-10T12:48:06","guid":{"rendered":"https:\/\/www.ernstbrunn-apotheke.at\/katalog\/produkt\/adler-pharma-mineralstoffsalbe-nr-3-eisen-phosphat\/"},"modified":"2025-12-08T15:52:23","modified_gmt":"2025-12-08T14:52:23","slug":"adler-pharma-mineralstoffsalbe-nr-3-eisen-phosphat","status":"publish","type":"product","link":"https:\/\/www.ernstbrunn-apotheke.at\/katalog\/produkt\/adler-pharma-mineralstoffsalbe-nr-3-eisen-phosphat\/","title":{"rendered":"Adler Pharma Mineralstoffsalbe Nr. 3 Eisen Phosphat"},"content":{"rendered":"<p>Mineralstoffsalbe Nr. 3 Eisen Phosphat wird gerne als Erste Hilfe bei Schmerzen, Prellungen sowie Quetschungen eingesetzt. Dar\u00fcber hinaus schafft die Salbe Abhilfe bei blauen Flecken, Zerrungen und Verstauchungen sowie pochenden Schmerzen. Aber auch Absch\u00fcrfungen, Sonnenbrand, leichte Verbrennungen, Gelenkentz\u00fcndungen und Insektenstiche z\u00e4hlen zum Einsatzgebiet dieses Produktes.<\/p>\n","protected":false},"excerpt":{"rendered":"<p>Mineralstoffsalbe Nr. 3 Eisen Phosphat wird gerne als Erste Hilfe bei Schmerzen, Prellungen sowie Quetschungen eingesetzt. Dar\u00fcber hinaus schafft die Salbe Abhilfe bei blauen Flecken, Zerrungen und Verstauchungen sowie pochenden Schmerzen. Aber auch Absch\u00fcrfungen, Sonnenbrand, leichte Verbrennungen, Gelenkentz\u00fcndungen und Insektenstiche z\u00e4hlen zum Einsatzgebiet dieses Produktes.<\/p>\n","protected":false},"featured_media":39133,"template":"","meta":{"_acf_changed":false},"product_brand":[928],"product_cat":[801],"product_tag":[],"class_list":{"0":"post-39131","1":"product","2":"type-product","3":"status-publish","4":"has-post-thumbnail","6":"product_brand-adler-pharma","7":"product_cat-a","8":"pa_farbe-weiss","9":"pa_geschmack-neutral","10":"pa_packungsgroesse-200ml","11":"pa_packungsgroesse-50ml","13":"first","14":"instock","15":"shipping-taxable","16":"purchasable","17":"product-type-simple"},"acf":[],"_links":{"self":[{"href":"https:\/\/www.ernstbrunn-apotheke.at\/katalog\/wp-json\/wp\/v2\/product\/39131","targetHints":{"allow":["GET"]}}],"collection":[{"href":"https:\/\/www.ernstbrunn-apotheke.at\/katalog\/wp-json\/wp\/v2\/product"}],"about":[{"href":"https:\/\/www.ernstbrunn-apotheke.at\/katalog\/wp-json\/wp\/v2\/types\/product"}],"wp:featuredmedia":[{"embeddable":true,"href":"https:\/\/www.ernstbrunn-apotheke.at\/katalog\/wp-json\/wp\/v2\/media\/39133"}],"wp:attachment":[{"href":"https:\/\/www.ernstbrunn-apotheke.at\/katalog\/wp-json\/wp\/v2\/media?parent=39131"}],"wp:term":[{"taxonomy":"product_brand","embeddable":true,"href":"https:\/\/www.ernstbrunn-apotheke.at\/katalog\/wp-json\/wp\/v2\/product_brand?post=39131"},{"taxonomy":"product_cat","embeddable":true,"href":"https:\/\/www.ernstbrunn-apotheke.at\/katalog\/wp-json\/wp\/v2\/product_cat?post=39131"},{"taxonomy":"product_tag","embeddable":true,"href":"https:\/\/www.ernstbrunn-apotheke.at\/katalog\/wp-json\/wp\/v2\/product_tag?post=39131"}],"curies":[{"name":"wp","href":"https:\/\/api.w.org\/{rel}","templated":true}]}}