{"id":39120,"date":"2025-11-10T13:47:42","date_gmt":"2025-11-10T12:47:42","guid":{"rendered":"https:\/\/www.ernstbrunn-apotheke.at\/katalog\/produkt\/adler-pharma-gesichtscreme-repair-50-ml\/"},"modified":"2025-12-08T15:52:19","modified_gmt":"2025-12-08T14:52:19","slug":"adler-pharma-gesichtscreme-repair-50-ml","status":"publish","type":"product","link":"https:\/\/www.ernstbrunn-apotheke.at\/katalog\/produkt\/adler-pharma-gesichtscreme-repair-50-ml\/","title":{"rendered":"Adler Pharma Gesichtscreme Repair 50 ml"},"content":{"rendered":"<p>Adler Pharma Gesichtscreme Repair ist eine beruhigende und regenerierende Gesichtspflege f\u00fcr jeden Hauttyp. Die Creme f\u00f6rdert die Elastizit\u00e4t der Haut, wirkt der Faltenbildung entgegen und pflegt irritierte, rissige oder juckende Gesichtshaut, auch schon ab dem Kindesalter..<\/p>\n","protected":false},"excerpt":{"rendered":"<p>Adler Pharma Gesichtscreme Repair ist eine beruhigende und regenerierende Gesichtspflege f\u00fcr jeden Hauttyp. Die Creme f\u00f6rdert die Elastizit\u00e4t der Haut, wirkt der Faltenbildung entgegen und pflegt irritierte, rissige oder juckende Gesichtshaut, auch schon ab dem Kindesalter..<\/p>\n","protected":false},"featured_media":39122,"template":"","meta":{"_acf_changed":false},"product_brand":[928],"product_cat":[801],"product_tag":[],"class_list":{"0":"post-39120","1":"product","2":"type-product","3":"status-publish","4":"has-post-thumbnail","6":"product_brand-adler-pharma","7":"product_cat-a","8":"pa_farbe-weiss","9":"pa_geschmack-orange","10":"pa_packungsgroesse-50ml","12":"first","13":"instock","14":"shipping-taxable","15":"purchasable","16":"product-type-simple"},"acf":[],"_links":{"self":[{"href":"https:\/\/www.ernstbrunn-apotheke.at\/katalog\/wp-json\/wp\/v2\/product\/39120","targetHints":{"allow":["GET"]}}],"collection":[{"href":"https:\/\/www.ernstbrunn-apotheke.at\/katalog\/wp-json\/wp\/v2\/product"}],"about":[{"href":"https:\/\/www.ernstbrunn-apotheke.at\/katalog\/wp-json\/wp\/v2\/types\/product"}],"wp:featuredmedia":[{"embeddable":true,"href":"https:\/\/www.ernstbrunn-apotheke.at\/katalog\/wp-json\/wp\/v2\/media\/39122"}],"wp:attachment":[{"href":"https:\/\/www.ernstbrunn-apotheke.at\/katalog\/wp-json\/wp\/v2\/media?parent=39120"}],"wp:term":[{"taxonomy":"product_brand","embeddable":true,"href":"https:\/\/www.ernstbrunn-apotheke.at\/katalog\/wp-json\/wp\/v2\/product_brand?post=39120"},{"taxonomy":"product_cat","embeddable":true,"href":"https:\/\/www.ernstbrunn-apotheke.at\/katalog\/wp-json\/wp\/v2\/product_cat?post=39120"},{"taxonomy":"product_tag","embeddable":true,"href":"https:\/\/www.ernstbrunn-apotheke.at\/katalog\/wp-json\/wp\/v2\/product_tag?post=39120"}],"curies":[{"name":"wp","href":"https:\/\/api.w.org\/{rel}","templated":true}]}}