{"id":39108,"date":"2025-11-10T13:47:42","date_gmt":"2025-11-10T12:47:42","guid":{"rendered":"https:\/\/www.ernstbrunn-apotheke.at\/katalog\/produkt\/adler-pharma-schuessler-nr-23-natrium-bicarbonicum-100-g-d-12\/"},"modified":"2025-12-08T15:52:14","modified_gmt":"2025-12-08T14:52:14","slug":"adler-pharma-schuessler-nr-23-natrium-bicarbonicum-100-g-d-12","status":"publish","type":"product","link":"https:\/\/www.ernstbrunn-apotheke.at\/katalog\/produkt\/adler-pharma-schuessler-nr-23-natrium-bicarbonicum-100-g-d-12\/","title":{"rendered":"Adler Pharma Sch\u00fc\u00dfler Nr. 23 Natrium Bicarbonicum 100 g D 12"},"content":{"rendered":"<p>Adler Sch\u00fc\u00dfler Salze Nr. 23 Natrium bicarbonicum D12 Tabletten wirkt regulierend auf den Stoffwechsel und kann \u00fcbersch\u00fcssige S\u00e4ure binden und ausgleichen. Deshalb wird es bei Sodbrennen und zu viel Magens\u00e4ure verabreicht. Zudem ist Natriumbicarbonat als S\u00e4urepuffer im Blut vorhanden. F\u00fcr den Organismus ist die Abpufferung von K\u00f6rperfl\u00fcssigkeiten und Geweben unerl\u00e4sslich, da er sie f\u00fcr die Funktion des Zwischenstoffwechsels ben\u00f6tigt..<\/p>\n","protected":false},"excerpt":{"rendered":"<p>Adler Sch\u00fc\u00dfler Salze Nr. 23 Natrium bicarbonicum D12 Tabletten wirkt regulierend auf den Stoffwechsel und kann \u00fcbersch\u00fcssige S\u00e4ure binden und ausgleichen. Deshalb wird es bei Sodbrennen und zu viel Magens\u00e4ure verabreicht. Zudem ist Natriumbicarbonat als S\u00e4urepuffer im Blut vorhanden. F\u00fcr den Organismus ist die Abpufferung von K\u00f6rperfl\u00fcssigkeiten und Geweben unerl\u00e4sslich, da er sie f\u00fcr die [&hellip;]<\/p>\n","protected":false},"featured_media":39110,"template":"","meta":{"_acf_changed":false},"product_brand":[928],"product_cat":[801],"product_tag":[],"class_list":{"0":"post-39108","1":"product","2":"type-product","3":"status-publish","4":"has-post-thumbnail","6":"product_brand-adler-pharma","7":"product_cat-a","8":"pa_packungsgroesse-250g","9":"pa_packungsgroesse-100g","10":"pa_packungsgroesse-500g","12":"first","13":"instock","14":"shipping-taxable","15":"purchasable","16":"product-type-simple"},"acf":[],"_links":{"self":[{"href":"https:\/\/www.ernstbrunn-apotheke.at\/katalog\/wp-json\/wp\/v2\/product\/39108","targetHints":{"allow":["GET"]}}],"collection":[{"href":"https:\/\/www.ernstbrunn-apotheke.at\/katalog\/wp-json\/wp\/v2\/product"}],"about":[{"href":"https:\/\/www.ernstbrunn-apotheke.at\/katalog\/wp-json\/wp\/v2\/types\/product"}],"wp:featuredmedia":[{"embeddable":true,"href":"https:\/\/www.ernstbrunn-apotheke.at\/katalog\/wp-json\/wp\/v2\/media\/39110"}],"wp:attachment":[{"href":"https:\/\/www.ernstbrunn-apotheke.at\/katalog\/wp-json\/wp\/v2\/media?parent=39108"}],"wp:term":[{"taxonomy":"product_brand","embeddable":true,"href":"https:\/\/www.ernstbrunn-apotheke.at\/katalog\/wp-json\/wp\/v2\/product_brand?post=39108"},{"taxonomy":"product_cat","embeddable":true,"href":"https:\/\/www.ernstbrunn-apotheke.at\/katalog\/wp-json\/wp\/v2\/product_cat?post=39108"},{"taxonomy":"product_tag","embeddable":true,"href":"https:\/\/www.ernstbrunn-apotheke.at\/katalog\/wp-json\/wp\/v2\/product_tag?post=39108"}],"curies":[{"name":"wp","href":"https:\/\/api.w.org\/{rel}","templated":true}]}}