{"id":39104,"date":"2025-11-10T13:47:19","date_gmt":"2025-11-10T12:47:19","guid":{"rendered":"https:\/\/www.ernstbrunn-apotheke.at\/katalog\/produkt\/adler-pharma-schuessler-nr-19-cuprum-arsenicum-100-g-d-12\/"},"modified":"2025-12-08T15:52:13","modified_gmt":"2025-12-08T14:52:13","slug":"adler-pharma-schuessler-nr-19-cuprum-arsenicum-100-g-d-12","status":"publish","type":"product","link":"https:\/\/www.ernstbrunn-apotheke.at\/katalog\/produkt\/adler-pharma-schuessler-nr-19-cuprum-arsenicum-100-g-d-12\/","title":{"rendered":"Adler Pharma Sch\u00fc\u00dfler Nr. 19 Cuprum Arsenicum 100 g D 12"},"content":{"rendered":"<p>Sch\u00fc\u00dfler Nr. 19 Cuprum Arsenicum wird vor allem bei Krampfzust\u00e4nden im K\u00f6rper eingesetzt. Zudem wirkt Kupfer auf die Reifung der roten Blutk\u00f6rperchen. Kommt es jedoch im K\u00f6rper zu einem gest\u00f6rten Kupferstoffwechsel oder zu einem Kupfermangel, kann dadurch eine Blutarmut und Abwehrschw\u00e4che entstehen. Au\u00dferdem kann ein Mangel an Kupfer zu fr\u00fchzeitigen Grauwerden der Haare und Haarausfall f\u00fchren.<\/p>\n","protected":false},"excerpt":{"rendered":"<p>Sch\u00fc\u00dfler Nr. 19 Cuprum Arsenicum wird vor allem bei Krampfzust\u00e4nden im K\u00f6rper eingesetzt. Zudem wirkt Kupfer auf die Reifung der roten Blutk\u00f6rperchen. Kommt es jedoch im K\u00f6rper zu einem gest\u00f6rten Kupferstoffwechsel oder zu einem Kupfermangel, kann dadurch eine Blutarmut und Abwehrschw\u00e4che entstehen. Au\u00dferdem kann ein Mangel an Kupfer zu fr\u00fchzeitigen Grauwerden der Haare und Haarausfall [&hellip;]<\/p>\n","protected":false},"featured_media":39106,"template":"","meta":{"_acf_changed":false},"product_brand":[928],"product_cat":[801],"product_tag":[],"class_list":{"0":"post-39104","1":"product","2":"type-product","3":"status-publish","4":"has-post-thumbnail","6":"product_brand-adler-pharma","7":"product_cat-a","8":"pa_packungsgroesse-1000g","9":"pa_packungsgroesse-250g","10":"pa_packungsgroesse-100g","11":"pa_packungsgroesse-500g","13":"first","14":"instock","15":"shipping-taxable","16":"purchasable","17":"product-type-simple"},"acf":[],"_links":{"self":[{"href":"https:\/\/www.ernstbrunn-apotheke.at\/katalog\/wp-json\/wp\/v2\/product\/39104","targetHints":{"allow":["GET"]}}],"collection":[{"href":"https:\/\/www.ernstbrunn-apotheke.at\/katalog\/wp-json\/wp\/v2\/product"}],"about":[{"href":"https:\/\/www.ernstbrunn-apotheke.at\/katalog\/wp-json\/wp\/v2\/types\/product"}],"wp:featuredmedia":[{"embeddable":true,"href":"https:\/\/www.ernstbrunn-apotheke.at\/katalog\/wp-json\/wp\/v2\/media\/39106"}],"wp:attachment":[{"href":"https:\/\/www.ernstbrunn-apotheke.at\/katalog\/wp-json\/wp\/v2\/media?parent=39104"}],"wp:term":[{"taxonomy":"product_brand","embeddable":true,"href":"https:\/\/www.ernstbrunn-apotheke.at\/katalog\/wp-json\/wp\/v2\/product_brand?post=39104"},{"taxonomy":"product_cat","embeddable":true,"href":"https:\/\/www.ernstbrunn-apotheke.at\/katalog\/wp-json\/wp\/v2\/product_cat?post=39104"},{"taxonomy":"product_tag","embeddable":true,"href":"https:\/\/www.ernstbrunn-apotheke.at\/katalog\/wp-json\/wp\/v2\/product_tag?post=39104"}],"curies":[{"name":"wp","href":"https:\/\/api.w.org\/{rel}","templated":true}]}}