{"id":39092,"date":"2025-11-10T13:47:19","date_gmt":"2025-11-10T12:47:19","guid":{"rendered":"https:\/\/www.ernstbrunn-apotheke.at\/katalog\/produkt\/adler-pharma-schuessler-duschn-fun-duschgel-200-ml\/"},"modified":"2025-12-08T15:52:07","modified_gmt":"2025-12-08T14:52:07","slug":"adler-pharma-schuessler-duschn-fun-duschgel-200-ml","status":"publish","type":"product","link":"https:\/\/www.ernstbrunn-apotheke.at\/katalog\/produkt\/adler-pharma-schuessler-duschn-fun-duschgel-200-ml\/","title":{"rendered":"Adler Pharma Sch\u00fc\u00dfler Duschn Fun Duschgel 200 ml"},"content":{"rendered":"<p>Adler Pharma Dr. Sch\u00fc\u00dfler Duschn Fun Duschgel mit milden pflanzlichen Zuckertensiden und hochverd\u00fcnnten Mineralstoffen eignet sich bestens zur t\u00e4glichen Dusche und Haarpflege. Es belebt die Haut und unterst\u00fctzt deren Schutzfunktion, bewirkt eine milde Reinigung von Haut und Haaren und gew\u00e4hrleistet eine Zufuhr von wichtigen Mineralstoffen. Bei l\u00e4ngerer Einwirkzeit werden die Haare gest\u00e4rkt und bekommen wieder Spannkraft und Glanz.<\/p>\n","protected":false},"excerpt":{"rendered":"<p>Adler Pharma Dr. Sch\u00fc\u00dfler Duschn Fun Duschgel mit milden pflanzlichen Zuckertensiden und hochverd\u00fcnnten Mineralstoffen eignet sich bestens zur t\u00e4glichen Dusche und Haarpflege. Es belebt die Haut und unterst\u00fctzt deren Schutzfunktion, bewirkt eine milde Reinigung von Haut und Haaren und gew\u00e4hrleistet eine Zufuhr von wichtigen Mineralstoffen. Bei l\u00e4ngerer Einwirkzeit werden die Haare gest\u00e4rkt und bekommen wieder [&hellip;]<\/p>\n","protected":false},"featured_media":39094,"template":"","meta":{"_acf_changed":false},"product_brand":[928],"product_cat":[801],"product_tag":[],"class_list":{"0":"post-39092","1":"product","2":"type-product","3":"status-publish","4":"has-post-thumbnail","6":"product_brand-adler-pharma","7":"product_cat-a","8":"pa_farbe-gelb","9":"pa_geschmack-orange","10":"pa_packungsgroesse-200ml","12":"first","13":"instock","14":"shipping-taxable","15":"purchasable","16":"product-type-simple"},"acf":[],"_links":{"self":[{"href":"https:\/\/www.ernstbrunn-apotheke.at\/katalog\/wp-json\/wp\/v2\/product\/39092","targetHints":{"allow":["GET"]}}],"collection":[{"href":"https:\/\/www.ernstbrunn-apotheke.at\/katalog\/wp-json\/wp\/v2\/product"}],"about":[{"href":"https:\/\/www.ernstbrunn-apotheke.at\/katalog\/wp-json\/wp\/v2\/types\/product"}],"wp:featuredmedia":[{"embeddable":true,"href":"https:\/\/www.ernstbrunn-apotheke.at\/katalog\/wp-json\/wp\/v2\/media\/39094"}],"wp:attachment":[{"href":"https:\/\/www.ernstbrunn-apotheke.at\/katalog\/wp-json\/wp\/v2\/media?parent=39092"}],"wp:term":[{"taxonomy":"product_brand","embeddable":true,"href":"https:\/\/www.ernstbrunn-apotheke.at\/katalog\/wp-json\/wp\/v2\/product_brand?post=39092"},{"taxonomy":"product_cat","embeddable":true,"href":"https:\/\/www.ernstbrunn-apotheke.at\/katalog\/wp-json\/wp\/v2\/product_cat?post=39092"},{"taxonomy":"product_tag","embeddable":true,"href":"https:\/\/www.ernstbrunn-apotheke.at\/katalog\/wp-json\/wp\/v2\/product_tag?post=39092"}],"curies":[{"name":"wp","href":"https:\/\/api.w.org\/{rel}","templated":true}]}}