{"id":39088,"date":"2025-11-10T13:47:19","date_gmt":"2025-11-10T12:47:19","guid":{"rendered":"https:\/\/www.ernstbrunn-apotheke.at\/katalog\/produkt\/adler-pharma-schuessler-nr-26-selenium-100-g-d-12\/"},"modified":"2025-12-08T15:52:06","modified_gmt":"2025-12-08T14:52:06","slug":"adler-pharma-schuessler-nr-26-selenium-100-g-d-12","status":"publish","type":"product","link":"https:\/\/www.ernstbrunn-apotheke.at\/katalog\/produkt\/adler-pharma-schuessler-nr-26-selenium-100-g-d-12\/","title":{"rendered":"Adler Pharma Sch\u00fc\u00dfler Nr. 26 Selenium 100 g D 12"},"content":{"rendered":"<p>Adler Pharma Sch\u00fc\u00dfler Nr. 26 Selenium ist das f\u00fcr den K\u00f6rper lebenswichtige chemische Element Selen. Es kommt nat\u00fcrlich nur in der Leber des Menschen vor und reguliert den Stoffwechsel sowie den Zellschutz. Selenium wirkt f\u00f6rdernd f\u00fcr die Entgiftung des K\u00f6rpers und unterst\u00fctzt die Ausscheidung von Schwermetallen.<\/p>\n","protected":false},"excerpt":{"rendered":"<p>Adler Pharma Sch\u00fc\u00dfler Nr. 26 Selenium ist das f\u00fcr den K\u00f6rper lebenswichtige chemische Element Selen. Es kommt nat\u00fcrlich nur in der Leber des Menschen vor und reguliert den Stoffwechsel sowie den Zellschutz. Selenium wirkt f\u00f6rdernd f\u00fcr die Entgiftung des K\u00f6rpers und unterst\u00fctzt die Ausscheidung von Schwermetallen.<\/p>\n","protected":false},"featured_media":39090,"template":"","meta":{"_acf_changed":false},"product_brand":[928],"product_cat":[801],"product_tag":[],"class_list":{"0":"post-39088","1":"product","2":"type-product","3":"status-publish","4":"has-post-thumbnail","6":"product_brand-adler-pharma","7":"product_cat-a","8":"pa_packungsgroesse-1000g","9":"pa_packungsgroesse-250g","10":"pa_packungsgroesse-100g","11":"pa_packungsgroesse-500g","13":"first","14":"instock","15":"shipping-taxable","16":"purchasable","17":"product-type-simple"},"acf":[],"_links":{"self":[{"href":"https:\/\/www.ernstbrunn-apotheke.at\/katalog\/wp-json\/wp\/v2\/product\/39088","targetHints":{"allow":["GET"]}}],"collection":[{"href":"https:\/\/www.ernstbrunn-apotheke.at\/katalog\/wp-json\/wp\/v2\/product"}],"about":[{"href":"https:\/\/www.ernstbrunn-apotheke.at\/katalog\/wp-json\/wp\/v2\/types\/product"}],"wp:featuredmedia":[{"embeddable":true,"href":"https:\/\/www.ernstbrunn-apotheke.at\/katalog\/wp-json\/wp\/v2\/media\/39090"}],"wp:attachment":[{"href":"https:\/\/www.ernstbrunn-apotheke.at\/katalog\/wp-json\/wp\/v2\/media?parent=39088"}],"wp:term":[{"taxonomy":"product_brand","embeddable":true,"href":"https:\/\/www.ernstbrunn-apotheke.at\/katalog\/wp-json\/wp\/v2\/product_brand?post=39088"},{"taxonomy":"product_cat","embeddable":true,"href":"https:\/\/www.ernstbrunn-apotheke.at\/katalog\/wp-json\/wp\/v2\/product_cat?post=39088"},{"taxonomy":"product_tag","embeddable":true,"href":"https:\/\/www.ernstbrunn-apotheke.at\/katalog\/wp-json\/wp\/v2\/product_tag?post=39088"}],"curies":[{"name":"wp","href":"https:\/\/api.w.org\/{rel}","templated":true}]}}