{"id":39076,"date":"2025-11-10T13:46:57","date_gmt":"2025-11-10T12:46:57","guid":{"rendered":"https:\/\/www.ernstbrunn-apotheke.at\/katalog\/produkt\/adler-pharma-evocell-koerpercreme-200-ml\/"},"modified":"2025-12-08T15:52:01","modified_gmt":"2025-12-08T14:52:01","slug":"adler-pharma-evocell-koerpercreme-200-ml","status":"publish","type":"product","link":"https:\/\/www.ernstbrunn-apotheke.at\/katalog\/produkt\/adler-pharma-evocell-koerpercreme-200-ml\/","title":{"rendered":"Adler Pharma Evocell K\u00f6rpercreme 200 ml"},"content":{"rendered":"<p>Ideal f\u00fcr Cellulite, strafft das Bindegewebe und erh\u00f6ht die Elastizit\u00e4t der Haut. Diese K\u00f6rpercreme sollte f\u00fcr Cellulite verwendet werden, was oft ein gro\u00dfes Problem f\u00fcr Frauen ist. Die enthaltenen Mineralien erhalten die Elastizit\u00e4t der Haut, regulieren den au\u00dfer Kontrolle geratenen Proteinstoffwechsel, reduzieren die im Gewebe gespeicherte S\u00e4ure und f\u00f6rdern die Entfernung von Schadstoffen. Dadurch wird das Bindegewebe gestrafft. Die mineralreiche Creme ist ideal zur Pflege der Haut geeignet. Integriertes Oliven\u00f6l wirkt straffend und f\u00f6rdert die Durchblutung der Haut. Der Teint ist verfeinert und die Haut f\u00fchlt sich samtig weich an. Die K\u00f6rpercreme enth\u00e4lt Oliven-, Mandel- und Jojoba\u00f6le sowie einen nat\u00fcrlichen Feuchtigkeitsfaktor. Mit einem nat\u00fcrlichen Duft.<\/p>\n","protected":false},"excerpt":{"rendered":"<p>Ideal f\u00fcr Cellulite, strafft das Bindegewebe und erh\u00f6ht die Elastizit\u00e4t der Haut. Diese K\u00f6rpercreme sollte f\u00fcr Cellulite verwendet werden, was oft ein gro\u00dfes Problem f\u00fcr Frauen ist. Die enthaltenen Mineralien erhalten die Elastizit\u00e4t der Haut, regulieren den au\u00dfer Kontrolle geratenen Proteinstoffwechsel, reduzieren die im Gewebe gespeicherte S\u00e4ure und f\u00f6rdern die Entfernung von Schadstoffen. Dadurch wird [&hellip;]<\/p>\n","protected":false},"featured_media":39078,"template":"","meta":{"_acf_changed":false},"product_brand":[928],"product_cat":[801],"product_tag":[],"class_list":{"0":"post-39076","1":"product","2":"type-product","3":"status-publish","4":"has-post-thumbnail","6":"product_brand-adler-pharma","7":"product_cat-a","8":"pa_farbe-weiss","9":"pa_geschmack-olive","10":"pa_packungsgroesse-200ml","12":"first","13":"instock","14":"shipping-taxable","15":"purchasable","16":"product-type-simple"},"acf":[],"_links":{"self":[{"href":"https:\/\/www.ernstbrunn-apotheke.at\/katalog\/wp-json\/wp\/v2\/product\/39076","targetHints":{"allow":["GET"]}}],"collection":[{"href":"https:\/\/www.ernstbrunn-apotheke.at\/katalog\/wp-json\/wp\/v2\/product"}],"about":[{"href":"https:\/\/www.ernstbrunn-apotheke.at\/katalog\/wp-json\/wp\/v2\/types\/product"}],"wp:featuredmedia":[{"embeddable":true,"href":"https:\/\/www.ernstbrunn-apotheke.at\/katalog\/wp-json\/wp\/v2\/media\/39078"}],"wp:attachment":[{"href":"https:\/\/www.ernstbrunn-apotheke.at\/katalog\/wp-json\/wp\/v2\/media?parent=39076"}],"wp:term":[{"taxonomy":"product_brand","embeddable":true,"href":"https:\/\/www.ernstbrunn-apotheke.at\/katalog\/wp-json\/wp\/v2\/product_brand?post=39076"},{"taxonomy":"product_cat","embeddable":true,"href":"https:\/\/www.ernstbrunn-apotheke.at\/katalog\/wp-json\/wp\/v2\/product_cat?post=39076"},{"taxonomy":"product_tag","embeddable":true,"href":"https:\/\/www.ernstbrunn-apotheke.at\/katalog\/wp-json\/wp\/v2\/product_tag?post=39076"}],"curies":[{"name":"wp","href":"https:\/\/api.w.org\/{rel}","templated":true}]}}