{"id":39072,"date":"2025-11-10T13:46:57","date_gmt":"2025-11-10T12:46:57","guid":{"rendered":"https:\/\/www.ernstbrunn-apotheke.at\/katalog\/produkt\/adler-pharma-schuessler-nr-14-kalium-bromatum-100-g-d-12\/"},"modified":"2025-12-08T15:51:59","modified_gmt":"2025-12-08T14:51:59","slug":"adler-pharma-schuessler-nr-14-kalium-bromatum-100-g-d-12","status":"publish","type":"product","link":"https:\/\/www.ernstbrunn-apotheke.at\/katalog\/produkt\/adler-pharma-schuessler-nr-14-kalium-bromatum-100-g-d-12\/","title":{"rendered":"Adler Pharma Sch\u00fc\u00dfler Nr. 14 Kalium Bromatum 100 g D 12"},"content":{"rendered":"<p>Sch\u00fc\u00dfler Nr. 14 Kalium Bromatum entfaltet seine Wirkung vor allem im Bereich des Nervensystems. Die entz\u00fcndungshemmenden Eigenschaften des Salzes, helfen bei Entz\u00fcndungen von Haut und Schleimh\u00e4uten. Au\u00dferdem wirkt Kaliumbromid stimulierend bei seelischer Ersch\u00f6pfung und beruhigend bei psychischer Erregung.<\/p>\n","protected":false},"excerpt":{"rendered":"<p>Sch\u00fc\u00dfler Nr. 14 Kalium Bromatum entfaltet seine Wirkung vor allem im Bereich des Nervensystems. Die entz\u00fcndungshemmenden Eigenschaften des Salzes, helfen bei Entz\u00fcndungen von Haut und Schleimh\u00e4uten. Au\u00dferdem wirkt Kaliumbromid stimulierend bei seelischer Ersch\u00f6pfung und beruhigend bei psychischer Erregung.<\/p>\n","protected":false},"featured_media":39074,"template":"","meta":{"_acf_changed":false},"product_brand":[928],"product_cat":[801],"product_tag":[],"class_list":{"0":"post-39072","1":"product","2":"type-product","3":"status-publish","4":"has-post-thumbnail","6":"product_brand-adler-pharma","7":"product_cat-a","8":"pa_packungsgroesse-1000g","9":"pa_packungsgroesse-250g","10":"pa_packungsgroesse-100g","11":"pa_packungsgroesse-500g","13":"first","14":"instock","15":"shipping-taxable","16":"purchasable","17":"product-type-simple"},"acf":[],"_links":{"self":[{"href":"https:\/\/www.ernstbrunn-apotheke.at\/katalog\/wp-json\/wp\/v2\/product\/39072","targetHints":{"allow":["GET"]}}],"collection":[{"href":"https:\/\/www.ernstbrunn-apotheke.at\/katalog\/wp-json\/wp\/v2\/product"}],"about":[{"href":"https:\/\/www.ernstbrunn-apotheke.at\/katalog\/wp-json\/wp\/v2\/types\/product"}],"wp:featuredmedia":[{"embeddable":true,"href":"https:\/\/www.ernstbrunn-apotheke.at\/katalog\/wp-json\/wp\/v2\/media\/39074"}],"wp:attachment":[{"href":"https:\/\/www.ernstbrunn-apotheke.at\/katalog\/wp-json\/wp\/v2\/media?parent=39072"}],"wp:term":[{"taxonomy":"product_brand","embeddable":true,"href":"https:\/\/www.ernstbrunn-apotheke.at\/katalog\/wp-json\/wp\/v2\/product_brand?post=39072"},{"taxonomy":"product_cat","embeddable":true,"href":"https:\/\/www.ernstbrunn-apotheke.at\/katalog\/wp-json\/wp\/v2\/product_cat?post=39072"},{"taxonomy":"product_tag","embeddable":true,"href":"https:\/\/www.ernstbrunn-apotheke.at\/katalog\/wp-json\/wp\/v2\/product_tag?post=39072"}],"curies":[{"name":"wp","href":"https:\/\/api.w.org\/{rel}","templated":true}]}}