{"id":39058,"date":"2025-11-10T13:46:24","date_gmt":"2025-11-10T12:46:24","guid":{"rendered":"https:\/\/www.ernstbrunn-apotheke.at\/katalog\/produkt\/adler-pharma-schuessler-gesichtscreme-aquarich-jojoba-50-ml\/"},"modified":"2025-12-08T15:51:53","modified_gmt":"2025-12-08T14:51:53","slug":"adler-pharma-schuessler-gesichtscreme-aquarich-jojoba-50-ml","status":"publish","type":"product","link":"https:\/\/www.ernstbrunn-apotheke.at\/katalog\/produkt\/adler-pharma-schuessler-gesichtscreme-aquarich-jojoba-50-ml\/","title":{"rendered":"Adler Pharma Sch\u00fc\u00dfler Gesichtscreme Aquarich Jojoba 50 ml"},"content":{"rendered":"<p>Adler Pharma Dr. Sch\u00fc\u00dfler Gesichtscreme Aquarich Jojoba f\u00f6rdert die Elastizit\u00e4t der Haut, st\u00fctzt das Bindegewebe und wirkt der Faltenbildung entgegen. Die enthaltenen Mineralstoffe versorgen und unterst\u00fctzen die Haut in allen ihren Funktionen. Eine angenehme Feuchtigkeits- und Gesichtspflege ohne Duftstoffe, die auch f\u00fcr junge Haut geeignet ist.<\/p>\n","protected":false},"excerpt":{"rendered":"<p>Adler Pharma Dr. Sch\u00fc\u00dfler Gesichtscreme Aquarich Jojoba f\u00f6rdert die Elastizit\u00e4t der Haut, st\u00fctzt das Bindegewebe und wirkt der Faltenbildung entgegen. Die enthaltenen Mineralstoffe versorgen und unterst\u00fctzen die Haut in allen ihren Funktionen. Eine angenehme Feuchtigkeits- und Gesichtspflege ohne Duftstoffe, die auch f\u00fcr junge Haut geeignet ist.<\/p>\n","protected":false},"featured_media":39060,"template":"","meta":{"_acf_changed":false},"product_brand":[928],"product_cat":[801],"product_tag":[],"class_list":{"0":"post-39058","1":"product","2":"type-product","3":"status-publish","4":"has-post-thumbnail","6":"product_brand-adler-pharma","7":"product_cat-a","8":"pa_farbe-weiss","9":"pa_geschmack-orange","10":"pa_packungsgroesse-50ml","12":"first","13":"instock","14":"shipping-taxable","15":"purchasable","16":"product-type-simple"},"acf":[],"_links":{"self":[{"href":"https:\/\/www.ernstbrunn-apotheke.at\/katalog\/wp-json\/wp\/v2\/product\/39058","targetHints":{"allow":["GET"]}}],"collection":[{"href":"https:\/\/www.ernstbrunn-apotheke.at\/katalog\/wp-json\/wp\/v2\/product"}],"about":[{"href":"https:\/\/www.ernstbrunn-apotheke.at\/katalog\/wp-json\/wp\/v2\/types\/product"}],"wp:featuredmedia":[{"embeddable":true,"href":"https:\/\/www.ernstbrunn-apotheke.at\/katalog\/wp-json\/wp\/v2\/media\/39060"}],"wp:attachment":[{"href":"https:\/\/www.ernstbrunn-apotheke.at\/katalog\/wp-json\/wp\/v2\/media?parent=39058"}],"wp:term":[{"taxonomy":"product_brand","embeddable":true,"href":"https:\/\/www.ernstbrunn-apotheke.at\/katalog\/wp-json\/wp\/v2\/product_brand?post=39058"},{"taxonomy":"product_cat","embeddable":true,"href":"https:\/\/www.ernstbrunn-apotheke.at\/katalog\/wp-json\/wp\/v2\/product_cat?post=39058"},{"taxonomy":"product_tag","embeddable":true,"href":"https:\/\/www.ernstbrunn-apotheke.at\/katalog\/wp-json\/wp\/v2\/product_tag?post=39058"}],"curies":[{"name":"wp","href":"https:\/\/api.w.org\/{rel}","templated":true}]}}