{"id":39054,"date":"2025-11-10T13:46:24","date_gmt":"2025-11-10T12:46:24","guid":{"rendered":"https:\/\/www.ernstbrunn-apotheke.at\/katalog\/produkt\/adler-pharma-seborive-cremegel-50-ml\/"},"modified":"2025-12-08T15:51:51","modified_gmt":"2025-12-08T14:51:51","slug":"adler-pharma-seborive-cremegel-50-ml","status":"publish","type":"product","link":"https:\/\/www.ernstbrunn-apotheke.at\/katalog\/produkt\/adler-pharma-seborive-cremegel-50-ml\/","title":{"rendered":"Adler Pharma Seborive Cremegel 50 ml"},"content":{"rendered":"<p>Adler Pharma Seborive Cremegel &#8211; Ein Cremegel f\u00fcr fette und unreine Haut, die zu Akne neigt. Pflegend, Feuchtigkeit spendend \u2013 Ohne Duftstoffe.Akne, Mitesser und Pickel weisen auf einen dringenden Mineralstoffbedarf hin. Das Cremegel enth\u00e4lt alle Mineralstoffe, die eine zu Akne neigende Haut ben\u00f6tigt. Das Cremegel ist nur leicht r\u00fcckfettend und daher f\u00fcr fette Haut bestens geeignet. Sollte die Gesichtshaut nach der Pflege mit Seborive noch spannen, dann ist es empfehlenswert, die Gesichtscreme mit Aquarich und Jojoba\u00f6l zus\u00e4tzlich zu verwenden.Wirkung: Die topischen Mittel haben grunds\u00e4tzlich den Vorteil, dass die Wirkstoffe ohne Umwege direkt an den Behandlungsort kommen. Salben kommen dann zum Einsatz, wenn die betroffenen Hautstellen eine Fettversorgung brauchen, weil die Haut zu tocken (fettarm), rissig, oder rau ist. Au\u00dferdem ist die Wirkung der Mineralstoffe in den Salben l\u00e4nger anhaltend, weil Salben nicht so rasch einziehen..<\/p>\n","protected":false},"excerpt":{"rendered":"<p>Adler Pharma Seborive Cremegel &#8211; Ein Cremegel f\u00fcr fette und unreine Haut, die zu Akne neigt. Pflegend, Feuchtigkeit spendend \u2013 Ohne Duftstoffe.Akne, Mitesser und Pickel weisen auf einen dringenden Mineralstoffbedarf hin. Das Cremegel enth\u00e4lt alle Mineralstoffe, die eine zu Akne neigende Haut ben\u00f6tigt. Das Cremegel ist nur leicht r\u00fcckfettend und daher f\u00fcr fette Haut bestens [&hellip;]<\/p>\n","protected":false},"featured_media":39056,"template":"","meta":{"_acf_changed":false},"product_brand":[928],"product_cat":[801],"product_tag":[],"class_list":{"0":"post-39054","1":"product","2":"type-product","3":"status-publish","4":"has-post-thumbnail","6":"product_brand-adler-pharma","7":"product_cat-a","8":"pa_farbe-weiss","9":"pa_geschmack-neutral","10":"pa_packungsgroesse-50ml","12":"first","13":"instock","14":"shipping-taxable","15":"purchasable","16":"product-type-simple"},"acf":[],"_links":{"self":[{"href":"https:\/\/www.ernstbrunn-apotheke.at\/katalog\/wp-json\/wp\/v2\/product\/39054","targetHints":{"allow":["GET"]}}],"collection":[{"href":"https:\/\/www.ernstbrunn-apotheke.at\/katalog\/wp-json\/wp\/v2\/product"}],"about":[{"href":"https:\/\/www.ernstbrunn-apotheke.at\/katalog\/wp-json\/wp\/v2\/types\/product"}],"wp:featuredmedia":[{"embeddable":true,"href":"https:\/\/www.ernstbrunn-apotheke.at\/katalog\/wp-json\/wp\/v2\/media\/39056"}],"wp:attachment":[{"href":"https:\/\/www.ernstbrunn-apotheke.at\/katalog\/wp-json\/wp\/v2\/media?parent=39054"}],"wp:term":[{"taxonomy":"product_brand","embeddable":true,"href":"https:\/\/www.ernstbrunn-apotheke.at\/katalog\/wp-json\/wp\/v2\/product_brand?post=39054"},{"taxonomy":"product_cat","embeddable":true,"href":"https:\/\/www.ernstbrunn-apotheke.at\/katalog\/wp-json\/wp\/v2\/product_cat?post=39054"},{"taxonomy":"product_tag","embeddable":true,"href":"https:\/\/www.ernstbrunn-apotheke.at\/katalog\/wp-json\/wp\/v2\/product_tag?post=39054"}],"curies":[{"name":"wp","href":"https:\/\/api.w.org\/{rel}","templated":true}]}}