{"id":39039,"date":"2025-11-10T13:45:57","date_gmt":"2025-11-10T12:45:57","guid":{"rendered":"https:\/\/www.ernstbrunn-apotheke.at\/katalog\/produkt\/adler-pharma-schuessler-askinel-kaelte-creme-50-ml\/"},"modified":"2025-12-08T15:51:47","modified_gmt":"2025-12-08T14:51:47","slug":"adler-pharma-schuessler-askinel-kaelte-creme-50-ml","status":"publish","type":"product","link":"https:\/\/www.ernstbrunn-apotheke.at\/katalog\/produkt\/adler-pharma-schuessler-askinel-kaelte-creme-50-ml\/","title":{"rendered":"Adler Pharma Sch\u00fc\u00dfler Askinel K\u00e4lte Creme 50 ml"},"content":{"rendered":"<p>Adler Pharma Dr. Sch\u00fc\u00dfler Askinel K\u00e4lte Creme ist eine K\u00e4lte- und Hautschutzcreme f\u00fcr den Aufenthalt im Freien und beim Sport. Durch den Gehalt an hochverd\u00fcnnten Mineralstoffen verbunden mit wertvollen pflanzlichen \u00d6len sowie Bienenwachs eignet sich Askinel zur t\u00e4glichen Pflege von rissigen und trockenen Hautstellen. Harte, st\u00f6rende Narben werden wieder weicher und geschmeidiger.<\/p>\n","protected":false},"excerpt":{"rendered":"<p>Adler Pharma Dr. Sch\u00fc\u00dfler Askinel K\u00e4lte Creme ist eine K\u00e4lte- und Hautschutzcreme f\u00fcr den Aufenthalt im Freien und beim Sport. Durch den Gehalt an hochverd\u00fcnnten Mineralstoffen verbunden mit wertvollen pflanzlichen \u00d6len sowie Bienenwachs eignet sich Askinel zur t\u00e4glichen Pflege von rissigen und trockenen Hautstellen. Harte, st\u00f6rende Narben werden wieder weicher und geschmeidiger.<\/p>\n","protected":false},"featured_media":39041,"template":"","meta":{"_acf_changed":false},"product_brand":[928],"product_cat":[801],"product_tag":[],"class_list":{"0":"post-39039","1":"product","2":"type-product","3":"status-publish","4":"has-post-thumbnail","6":"product_brand-adler-pharma","7":"product_cat-a","8":"pa_farbe-weiss-gelblich","9":"pa_geschmack-neutral","10":"pa_packungsgroesse-50ml","12":"first","13":"instock","14":"shipping-taxable","15":"purchasable","16":"product-type-simple"},"acf":[],"_links":{"self":[{"href":"https:\/\/www.ernstbrunn-apotheke.at\/katalog\/wp-json\/wp\/v2\/product\/39039","targetHints":{"allow":["GET"]}}],"collection":[{"href":"https:\/\/www.ernstbrunn-apotheke.at\/katalog\/wp-json\/wp\/v2\/product"}],"about":[{"href":"https:\/\/www.ernstbrunn-apotheke.at\/katalog\/wp-json\/wp\/v2\/types\/product"}],"wp:featuredmedia":[{"embeddable":true,"href":"https:\/\/www.ernstbrunn-apotheke.at\/katalog\/wp-json\/wp\/v2\/media\/39041"}],"wp:attachment":[{"href":"https:\/\/www.ernstbrunn-apotheke.at\/katalog\/wp-json\/wp\/v2\/media?parent=39039"}],"wp:term":[{"taxonomy":"product_brand","embeddable":true,"href":"https:\/\/www.ernstbrunn-apotheke.at\/katalog\/wp-json\/wp\/v2\/product_brand?post=39039"},{"taxonomy":"product_cat","embeddable":true,"href":"https:\/\/www.ernstbrunn-apotheke.at\/katalog\/wp-json\/wp\/v2\/product_cat?post=39039"},{"taxonomy":"product_tag","embeddable":true,"href":"https:\/\/www.ernstbrunn-apotheke.at\/katalog\/wp-json\/wp\/v2\/product_tag?post=39039"}],"curies":[{"name":"wp","href":"https:\/\/api.w.org\/{rel}","templated":true}]}}