{"id":39023,"date":"2025-11-10T13:45:57","date_gmt":"2025-11-10T12:45:57","guid":{"rendered":"https:\/\/www.ernstbrunn-apotheke.at\/katalog\/produkt\/adler-pharma-mineralstoffsalbe-nr-1-calcium-fluorid\/"},"modified":"2025-12-08T15:51:42","modified_gmt":"2025-12-08T14:51:42","slug":"adler-pharma-mineralstoffsalbe-nr-1-calcium-fluorid","status":"publish","type":"product","link":"https:\/\/www.ernstbrunn-apotheke.at\/katalog\/produkt\/adler-pharma-mineralstoffsalbe-nr-1-calcium-fluorid\/","title":{"rendered":"Adler Pharma Mineralstoffsalbe Nr. 1 Calcium Fluorid"},"content":{"rendered":"<p>Mineralstoffsalbe Nr. 1 Calcium Fluorid kommt dann zum Einsatz, wenn die betroffenen Hautstellen eine Fettversorgung brauchen, weil die Haut zu trocken, rissig, oder rau ist. Au\u00dferdem ist die Wirkung der Mineralstoffe in der Salbe l\u00e4nger anhaltend, weil sie nicht so rasch einzieht. Calciumfluorid sorgt f\u00fcr Elastizit\u00e4t des Bindegewebes und bindet Hornstoff im K\u00f6rper. \u00dcberall, wo sich Gewebe zusammenzieht, dehnt oder verh\u00e4rtet, sollte die Mineralstoffsalbe Nr. 1 zum Einsatz kommen. Bereits verh\u00e4rtete Gewebsstellen k\u00f6nnen wieder weich und geschmeidig werden, erschlafftes und gedehntes Gewebe kann sich straffen. Calciumfluorid ist das Salz des Bindegewebes, der Gelenke und der Haut. Die Salbe sollte verwendet werden, wo sich Gewebe dehnt oder verh\u00e4rtet, wie: Gewebsverh\u00e4rtungen, Narbengewebe, verh\u00e4rtete Lymphknoten, verh\u00e4rtete Dr\u00fcsen, Krampfadern, H\u00e4morrhoiden, B\u00e4nderschw\u00e4che (Schlottergelenke), Hornhaut, Schrunden, Risse, Nagelverwachsungen, Nagelbetteiterungen etc..<\/p>\n","protected":false},"excerpt":{"rendered":"<p>Mineralstoffsalbe Nr. 1 Calcium Fluorid kommt dann zum Einsatz, wenn die betroffenen Hautstellen eine Fettversorgung brauchen, weil die Haut zu trocken, rissig, oder rau ist. Au\u00dferdem ist die Wirkung der Mineralstoffe in der Salbe l\u00e4nger anhaltend, weil sie nicht so rasch einzieht. Calciumfluorid sorgt f\u00fcr Elastizit\u00e4t des Bindegewebes und bindet Hornstoff im K\u00f6rper. \u00dcberall, wo [&hellip;]<\/p>\n","protected":false},"featured_media":39025,"template":"","meta":{"_acf_changed":false},"product_brand":[928],"product_cat":[801],"product_tag":[],"class_list":{"0":"post-39023","1":"product","2":"type-product","3":"status-publish","4":"has-post-thumbnail","6":"product_brand-adler-pharma","7":"product_cat-a","8":"pa_farbe-weiss","9":"pa_geschmack-neutral","10":"pa_packungsgroesse-200ml","11":"pa_packungsgroesse-50ml","13":"first","14":"instock","15":"shipping-taxable","16":"purchasable","17":"product-type-simple"},"acf":[],"_links":{"self":[{"href":"https:\/\/www.ernstbrunn-apotheke.at\/katalog\/wp-json\/wp\/v2\/product\/39023","targetHints":{"allow":["GET"]}}],"collection":[{"href":"https:\/\/www.ernstbrunn-apotheke.at\/katalog\/wp-json\/wp\/v2\/product"}],"about":[{"href":"https:\/\/www.ernstbrunn-apotheke.at\/katalog\/wp-json\/wp\/v2\/types\/product"}],"wp:featuredmedia":[{"embeddable":true,"href":"https:\/\/www.ernstbrunn-apotheke.at\/katalog\/wp-json\/wp\/v2\/media\/39025"}],"wp:attachment":[{"href":"https:\/\/www.ernstbrunn-apotheke.at\/katalog\/wp-json\/wp\/v2\/media?parent=39023"}],"wp:term":[{"taxonomy":"product_brand","embeddable":true,"href":"https:\/\/www.ernstbrunn-apotheke.at\/katalog\/wp-json\/wp\/v2\/product_brand?post=39023"},{"taxonomy":"product_cat","embeddable":true,"href":"https:\/\/www.ernstbrunn-apotheke.at\/katalog\/wp-json\/wp\/v2\/product_cat?post=39023"},{"taxonomy":"product_tag","embeddable":true,"href":"https:\/\/www.ernstbrunn-apotheke.at\/katalog\/wp-json\/wp\/v2\/product_tag?post=39023"}],"curies":[{"name":"wp","href":"https:\/\/api.w.org\/{rel}","templated":true}]}}