{"id":39006,"date":"2025-11-10T13:45:28","date_gmt":"2025-11-10T12:45:28","guid":{"rendered":"https:\/\/www.ernstbrunn-apotheke.at\/katalog\/produkt\/adler-pharma-schuessler-salbe-mischung-h-50-ml\/"},"modified":"2025-12-08T15:51:37","modified_gmt":"2025-12-08T14:51:37","slug":"adler-pharma-schuessler-salbe-mischung-h-50-ml","status":"publish","type":"product","link":"https:\/\/www.ernstbrunn-apotheke.at\/katalog\/produkt\/adler-pharma-schuessler-salbe-mischung-h-50-ml\/","title":{"rendered":"Adler Pharma Sch\u00fc\u00dfler Salbe Mischung H 50 ml"},"content":{"rendered":"<p>Adler Pharma Dr. Sch\u00fc\u00dfler Salbe H wird bei trockener Raumluft w\u00e4hrend der Heizperiode eingesetzt. Am besten die Salbe H am Abend vor dem Schlafengehen im Bereich der Brust und am R\u00fccken gut einmassieren, ein Tuch dar\u00fcberlegen und damit schlafen gehen. Die wohltuende Wirkung entfaltet sich w\u00e4hrend der Nacht. Die Schleimh\u00e4ute der Atemwege werden nicht trocken und gereizt..<\/p>\n","protected":false},"excerpt":{"rendered":"<p>Adler Pharma Dr. Sch\u00fc\u00dfler Salbe H wird bei trockener Raumluft w\u00e4hrend der Heizperiode eingesetzt. Am besten die Salbe H am Abend vor dem Schlafengehen im Bereich der Brust und am R\u00fccken gut einmassieren, ein Tuch dar\u00fcberlegen und damit schlafen gehen. Die wohltuende Wirkung entfaltet sich w\u00e4hrend der Nacht. Die Schleimh\u00e4ute der Atemwege werden nicht trocken [&hellip;]<\/p>\n","protected":false},"featured_media":39008,"template":"","meta":{"_acf_changed":false},"product_brand":[928],"product_cat":[801],"product_tag":[],"class_list":{"0":"post-39006","1":"product","2":"type-product","3":"status-publish","4":"has-post-thumbnail","6":"product_brand-adler-pharma","7":"product_cat-a","8":"pa_farbe-weiss","9":"pa_geschmack-neutral","10":"pa_packungsgroesse-50ml","12":"first","13":"instock","14":"shipping-taxable","15":"purchasable","16":"product-type-simple"},"acf":[],"_links":{"self":[{"href":"https:\/\/www.ernstbrunn-apotheke.at\/katalog\/wp-json\/wp\/v2\/product\/39006","targetHints":{"allow":["GET"]}}],"collection":[{"href":"https:\/\/www.ernstbrunn-apotheke.at\/katalog\/wp-json\/wp\/v2\/product"}],"about":[{"href":"https:\/\/www.ernstbrunn-apotheke.at\/katalog\/wp-json\/wp\/v2\/types\/product"}],"wp:featuredmedia":[{"embeddable":true,"href":"https:\/\/www.ernstbrunn-apotheke.at\/katalog\/wp-json\/wp\/v2\/media\/39008"}],"wp:attachment":[{"href":"https:\/\/www.ernstbrunn-apotheke.at\/katalog\/wp-json\/wp\/v2\/media?parent=39006"}],"wp:term":[{"taxonomy":"product_brand","embeddable":true,"href":"https:\/\/www.ernstbrunn-apotheke.at\/katalog\/wp-json\/wp\/v2\/product_brand?post=39006"},{"taxonomy":"product_cat","embeddable":true,"href":"https:\/\/www.ernstbrunn-apotheke.at\/katalog\/wp-json\/wp\/v2\/product_cat?post=39006"},{"taxonomy":"product_tag","embeddable":true,"href":"https:\/\/www.ernstbrunn-apotheke.at\/katalog\/wp-json\/wp\/v2\/product_tag?post=39006"}],"curies":[{"name":"wp","href":"https:\/\/api.w.org\/{rel}","templated":true}]}}