{"id":39002,"date":"2025-11-10T13:45:28","date_gmt":"2025-11-10T12:45:28","guid":{"rendered":"https:\/\/www.ernstbrunn-apotheke.at\/katalog\/produkt\/adler-pharma-schuessler-nr-15-kalium-jodatum-100-g-d-12\/"},"modified":"2025-12-08T15:51:35","modified_gmt":"2025-12-08T14:51:35","slug":"adler-pharma-schuessler-nr-15-kalium-jodatum-100-g-d-12","status":"publish","type":"product","link":"https:\/\/www.ernstbrunn-apotheke.at\/katalog\/produkt\/adler-pharma-schuessler-nr-15-kalium-jodatum-100-g-d-12\/","title":{"rendered":"Adler Pharma Sch\u00fc\u00dfler Nr. 15 Kalium Jodatum 100 g D 12"},"content":{"rendered":"<p>Adler Sch\u00fc\u00dfler Salze Nr. 15 Kalium iodatum D12 Tabletten wirkt schmerzlindernd und entz\u00fcndungshemmend auf Muskulatur, B\u00e4nder, Sehnen, Haut und Schleimh\u00e4ute. Zudem wird es bei allen St\u00f6rungen der Schilddr\u00fcse eingesetzt, die durch \u00c3\u0153ber- und Unterfunktion auftreten, da es wegen seiner Jod-Ionen die Schilddr\u00fcsenfunktion reguliert. Zu den St\u00f6rungen z\u00e4hlen etwa Durchf\u00e4lle, Haarausfall, Schwitzen, gesteigerte Erregung, erh\u00f6hter Pulsschlag und Zittern.<\/p>\n","protected":false},"excerpt":{"rendered":"<p>Adler Sch\u00fc\u00dfler Salze Nr. 15 Kalium iodatum D12 Tabletten wirkt schmerzlindernd und entz\u00fcndungshemmend auf Muskulatur, B\u00e4nder, Sehnen, Haut und Schleimh\u00e4ute. Zudem wird es bei allen St\u00f6rungen der Schilddr\u00fcse eingesetzt, die durch \u00c3\u0153ber- und Unterfunktion auftreten, da es wegen seiner Jod-Ionen die Schilddr\u00fcsenfunktion reguliert. Zu den St\u00f6rungen z\u00e4hlen etwa Durchf\u00e4lle, Haarausfall, Schwitzen, gesteigerte Erregung, erh\u00f6hter Pulsschlag [&hellip;]<\/p>\n","protected":false},"featured_media":39004,"template":"","meta":{"_acf_changed":false},"product_brand":[928],"product_cat":[801],"product_tag":[],"class_list":{"0":"post-39002","1":"product","2":"type-product","3":"status-publish","4":"has-post-thumbnail","6":"product_brand-adler-pharma","7":"product_cat-a","8":"pa_packungsgroesse-1000g","9":"pa_packungsgroesse-250g","10":"pa_packungsgroesse-100g","11":"pa_packungsgroesse-500g","13":"first","14":"instock","15":"shipping-taxable","16":"purchasable","17":"product-type-simple"},"acf":[],"_links":{"self":[{"href":"https:\/\/www.ernstbrunn-apotheke.at\/katalog\/wp-json\/wp\/v2\/product\/39002","targetHints":{"allow":["GET"]}}],"collection":[{"href":"https:\/\/www.ernstbrunn-apotheke.at\/katalog\/wp-json\/wp\/v2\/product"}],"about":[{"href":"https:\/\/www.ernstbrunn-apotheke.at\/katalog\/wp-json\/wp\/v2\/types\/product"}],"wp:featuredmedia":[{"embeddable":true,"href":"https:\/\/www.ernstbrunn-apotheke.at\/katalog\/wp-json\/wp\/v2\/media\/39004"}],"wp:attachment":[{"href":"https:\/\/www.ernstbrunn-apotheke.at\/katalog\/wp-json\/wp\/v2\/media?parent=39002"}],"wp:term":[{"taxonomy":"product_brand","embeddable":true,"href":"https:\/\/www.ernstbrunn-apotheke.at\/katalog\/wp-json\/wp\/v2\/product_brand?post=39002"},{"taxonomy":"product_cat","embeddable":true,"href":"https:\/\/www.ernstbrunn-apotheke.at\/katalog\/wp-json\/wp\/v2\/product_cat?post=39002"},{"taxonomy":"product_tag","embeddable":true,"href":"https:\/\/www.ernstbrunn-apotheke.at\/katalog\/wp-json\/wp\/v2\/product_tag?post=39002"}],"curies":[{"name":"wp","href":"https:\/\/api.w.org\/{rel}","templated":true}]}}