{"id":38989,"date":"2025-11-10T13:45:01","date_gmt":"2025-11-10T12:45:01","guid":{"rendered":"https:\/\/www.ernstbrunn-apotheke.at\/katalog\/produkt\/adler-pharma-schuessler-creme-gel-sting-away-50-ml\/"},"modified":"2025-12-08T15:51:32","modified_gmt":"2025-12-08T14:51:32","slug":"adler-pharma-schuessler-creme-gel-sting-away-50-ml","status":"publish","type":"product","link":"https:\/\/www.ernstbrunn-apotheke.at\/katalog\/produkt\/adler-pharma-schuessler-creme-gel-sting-away-50-ml\/","title":{"rendered":"Adler Pharma Sch\u00fc\u00dfler Creme Gel Sting Away 50 ml"},"content":{"rendered":"<p>Adler Pharma Dr. Sch\u00fc\u00dfler Creme Gel Sting Away ist ein k\u00fchlendes Cremegel mit hoch verd\u00fcnnten Mineralstoffen nach Insektenstichen und -bissen sowie Hautirritationen durch Brennnesseln und Quallen. Durch den Mineralstoffgehalt werden sowohl Juckreiz, als auch \u00fcberschie\u00dfende Hautreaktionen gelindert. Es beugt Entz\u00fcndungen vor, die durch Kratzen entstehen k\u00f6nnten.<\/p>\n","protected":false},"excerpt":{"rendered":"<p>Adler Pharma Dr. Sch\u00fc\u00dfler Creme Gel Sting Away ist ein k\u00fchlendes Cremegel mit hoch verd\u00fcnnten Mineralstoffen nach Insektenstichen und -bissen sowie Hautirritationen durch Brennnesseln und Quallen. Durch den Mineralstoffgehalt werden sowohl Juckreiz, als auch \u00fcberschie\u00dfende Hautreaktionen gelindert. Es beugt Entz\u00fcndungen vor, die durch Kratzen entstehen k\u00f6nnten.<\/p>\n","protected":false},"featured_media":38991,"template":"","meta":{"_acf_changed":false},"product_brand":[928],"product_cat":[801],"product_tag":[],"class_list":{"0":"post-38989","1":"product","2":"type-product","3":"status-publish","4":"has-post-thumbnail","6":"product_brand-adler-pharma","7":"product_cat-a","8":"pa_farbe-weiss","9":"pa_geschmack-neutral","10":"pa_packungsgroesse-50ml","12":"first","13":"instock","14":"shipping-taxable","15":"purchasable","16":"product-type-simple"},"acf":[],"_links":{"self":[{"href":"https:\/\/www.ernstbrunn-apotheke.at\/katalog\/wp-json\/wp\/v2\/product\/38989","targetHints":{"allow":["GET"]}}],"collection":[{"href":"https:\/\/www.ernstbrunn-apotheke.at\/katalog\/wp-json\/wp\/v2\/product"}],"about":[{"href":"https:\/\/www.ernstbrunn-apotheke.at\/katalog\/wp-json\/wp\/v2\/types\/product"}],"wp:featuredmedia":[{"embeddable":true,"href":"https:\/\/www.ernstbrunn-apotheke.at\/katalog\/wp-json\/wp\/v2\/media\/38991"}],"wp:attachment":[{"href":"https:\/\/www.ernstbrunn-apotheke.at\/katalog\/wp-json\/wp\/v2\/media?parent=38989"}],"wp:term":[{"taxonomy":"product_brand","embeddable":true,"href":"https:\/\/www.ernstbrunn-apotheke.at\/katalog\/wp-json\/wp\/v2\/product_brand?post=38989"},{"taxonomy":"product_cat","embeddable":true,"href":"https:\/\/www.ernstbrunn-apotheke.at\/katalog\/wp-json\/wp\/v2\/product_cat?post=38989"},{"taxonomy":"product_tag","embeddable":true,"href":"https:\/\/www.ernstbrunn-apotheke.at\/katalog\/wp-json\/wp\/v2\/product_tag?post=38989"}],"curies":[{"name":"wp","href":"https:\/\/api.w.org\/{rel}","templated":true}]}}