{"id":38979,"date":"2025-11-10T13:44:27","date_gmt":"2025-11-10T12:44:27","guid":{"rendered":"https:\/\/www.ernstbrunn-apotheke.at\/katalog\/produkt\/adler-pharma-schuessler-zahnpaste-base-dent-75-ml\/"},"modified":"2025-12-08T15:51:27","modified_gmt":"2025-12-08T14:51:27","slug":"adler-pharma-schuessler-zahnpaste-base-dent-75-ml","status":"publish","type":"product","link":"https:\/\/www.ernstbrunn-apotheke.at\/katalog\/produkt\/adler-pharma-schuessler-zahnpaste-base-dent-75-ml\/","title":{"rendered":"Adler Pharma Sch\u00fc\u00dfler Zahnpaste Base dent 75 ml"},"content":{"rendered":"<p>Adler Pharma Dr. Sch\u00fc\u00dfler Zahnpaste Base dent sorgt durch das Zusammenspiel ausgew\u00e4hlter Wirkstoffe f\u00fcr ein Rund-Um-Wohlbefinden im Mundraum und beugt Entz\u00fcndungen des Zahnfleisches, Zahnfleischschwund und Zahnfleischbluten vor. Sie sch\u00fctzt zudem durch den basischen ph-Wert den Zahnschmelz vor einer sch\u00e4dlichen \u00dcbers\u00e4uerung, regt den Speichelfluss zus\u00e4tzlich an und unterst\u00fctzt so die nat\u00fcrliche Selbstreinigung.<\/p>\n","protected":false},"excerpt":{"rendered":"<p>Adler Pharma Dr. Sch\u00fc\u00dfler Zahnpaste Base dent sorgt durch das Zusammenspiel ausgew\u00e4hlter Wirkstoffe f\u00fcr ein Rund-Um-Wohlbefinden im Mundraum und beugt Entz\u00fcndungen des Zahnfleisches, Zahnfleischschwund und Zahnfleischbluten vor. Sie sch\u00fctzt zudem durch den basischen ph-Wert den Zahnschmelz vor einer sch\u00e4dlichen \u00dcbers\u00e4uerung, regt den Speichelfluss zus\u00e4tzlich an und unterst\u00fctzt so die nat\u00fcrliche Selbstreinigung.<\/p>\n","protected":false},"featured_media":38981,"template":"","meta":{"_acf_changed":false},"product_brand":[928],"product_cat":[801],"product_tag":[],"class_list":{"0":"post-38979","1":"product","2":"type-product","3":"status-publish","4":"has-post-thumbnail","6":"product_brand-adler-pharma","7":"product_cat-a","8":"pa_farbe-weiss-braeunlich","9":"pa_geschmack-orange","10":"pa_packungsgroesse-75ml","12":"first","13":"instock","14":"shipping-taxable","15":"purchasable","16":"product-type-simple"},"acf":[],"_links":{"self":[{"href":"https:\/\/www.ernstbrunn-apotheke.at\/katalog\/wp-json\/wp\/v2\/product\/38979","targetHints":{"allow":["GET"]}}],"collection":[{"href":"https:\/\/www.ernstbrunn-apotheke.at\/katalog\/wp-json\/wp\/v2\/product"}],"about":[{"href":"https:\/\/www.ernstbrunn-apotheke.at\/katalog\/wp-json\/wp\/v2\/types\/product"}],"wp:featuredmedia":[{"embeddable":true,"href":"https:\/\/www.ernstbrunn-apotheke.at\/katalog\/wp-json\/wp\/v2\/media\/38981"}],"wp:attachment":[{"href":"https:\/\/www.ernstbrunn-apotheke.at\/katalog\/wp-json\/wp\/v2\/media?parent=38979"}],"wp:term":[{"taxonomy":"product_brand","embeddable":true,"href":"https:\/\/www.ernstbrunn-apotheke.at\/katalog\/wp-json\/wp\/v2\/product_brand?post=38979"},{"taxonomy":"product_cat","embeddable":true,"href":"https:\/\/www.ernstbrunn-apotheke.at\/katalog\/wp-json\/wp\/v2\/product_cat?post=38979"},{"taxonomy":"product_tag","embeddable":true,"href":"https:\/\/www.ernstbrunn-apotheke.at\/katalog\/wp-json\/wp\/v2\/product_tag?post=38979"}],"curies":[{"name":"wp","href":"https:\/\/api.w.org\/{rel}","templated":true}]}}