{"id":38975,"date":"2025-11-10T13:44:27","date_gmt":"2025-11-10T12:44:27","guid":{"rendered":"https:\/\/www.ernstbrunn-apotheke.at\/katalog\/produkt\/adler-pharma-schuessler-tabletten-nr-12-calcium-sulfuricum-d-6-100-g\/"},"modified":"2025-12-08T15:57:36","modified_gmt":"2025-12-08T14:57:36","slug":"adler-pharma-schuessler-tabletten-nr-12-calcium-sulfuricum-d-6-100-g","status":"publish","type":"product","link":"https:\/\/www.ernstbrunn-apotheke.at\/katalog\/produkt\/adler-pharma-schuessler-tabletten-nr-12-calcium-sulfuricum-d-6-100-g\/","title":{"rendered":"Adler Pharma Sch\u00fc\u00dfler Tabletten Nr. 12 Calcium Sulfuricum D 6 100 g"},"content":{"rendered":"<p>Adler Pharma Dr. Sch\u00fc\u00dfler Tabletten Nr. 12 Calcium Sulfuricum D 6 bringen Stauungen im Bindegewebe wieder in Fluss und f\u00f6rdern zudem die Durchl\u00e4ssigkeit des Gewebes. Au\u00dferdem hilft Nr. 12, um Stauungen,  Erg\u00fcsse und Eiterungen abzubauen.<\/p>\n","protected":false},"excerpt":{"rendered":"<p>Adler Pharma Dr. Sch\u00fc\u00dfler Tabletten Nr. 12 Calcium Sulfuricum D 6 bringen Stauungen im Bindegewebe wieder in Fluss und f\u00f6rdern zudem die Durchl\u00e4ssigkeit des Gewebes. Au\u00dferdem hilft Nr. 12, um Stauungen, Erg\u00fcsse und Eiterungen abzubauen.<\/p>\n","protected":false},"featured_media":38977,"template":"","meta":{"_acf_changed":false},"product_brand":[928],"product_cat":[801],"product_tag":[],"class_list":{"0":"post-38975","1":"product","2":"type-product","3":"status-publish","4":"has-post-thumbnail","6":"product_brand-adler-pharma","7":"product_cat-a","8":"pa_packungsgroesse-1000g","9":"pa_packungsgroesse-250g","10":"pa_packungsgroesse-100g","11":"pa_packungsgroesse-500g","13":"first","14":"instock","15":"shipping-taxable","16":"purchasable","17":"product-type-variable"},"acf":[],"_links":{"self":[{"href":"https:\/\/www.ernstbrunn-apotheke.at\/katalog\/wp-json\/wp\/v2\/product\/38975","targetHints":{"allow":["GET"]}}],"collection":[{"href":"https:\/\/www.ernstbrunn-apotheke.at\/katalog\/wp-json\/wp\/v2\/product"}],"about":[{"href":"https:\/\/www.ernstbrunn-apotheke.at\/katalog\/wp-json\/wp\/v2\/types\/product"}],"wp:featuredmedia":[{"embeddable":true,"href":"https:\/\/www.ernstbrunn-apotheke.at\/katalog\/wp-json\/wp\/v2\/media\/38977"}],"wp:attachment":[{"href":"https:\/\/www.ernstbrunn-apotheke.at\/katalog\/wp-json\/wp\/v2\/media?parent=38975"}],"wp:term":[{"taxonomy":"product_brand","embeddable":true,"href":"https:\/\/www.ernstbrunn-apotheke.at\/katalog\/wp-json\/wp\/v2\/product_brand?post=38975"},{"taxonomy":"product_cat","embeddable":true,"href":"https:\/\/www.ernstbrunn-apotheke.at\/katalog\/wp-json\/wp\/v2\/product_cat?post=38975"},{"taxonomy":"product_tag","embeddable":true,"href":"https:\/\/www.ernstbrunn-apotheke.at\/katalog\/wp-json\/wp\/v2\/product_tag?post=38975"}],"curies":[{"name":"wp","href":"https:\/\/api.w.org\/{rel}","templated":true}]}}