{"id":38962,"date":"2025-11-10T13:44:27","date_gmt":"2025-11-10T12:44:27","guid":{"rendered":"https:\/\/www.ernstbrunn-apotheke.at\/katalog\/produkt\/adler-pharma-coubeven-mineralstoffcreme-100-ml\/"},"modified":"2025-12-08T15:51:22","modified_gmt":"2025-12-08T14:51:22","slug":"adler-pharma-coubeven-mineralstoffcreme-100-ml","status":"publish","type":"product","link":"https:\/\/www.ernstbrunn-apotheke.at\/katalog\/produkt\/adler-pharma-coubeven-mineralstoffcreme-100-ml\/","title":{"rendered":"Adler Pharma CouBeVen Mineralstoffcreme 100 ml"},"content":{"rendered":"<p>Adler Pharma Dr. Sch\u00fc\u00dfler Coubeven Venencreme ist eine besonders hautpflegende Salbengrundlage, aus Oliven gewonnen, welche die Haut pflegt und daf\u00fcr sorgt, dass die hoch verd\u00fcnnten Mineralstoffe ihre Wirkung entfalten. Angestrengte Beine werden belebt. Durch die regelm\u00e4\u00dfige Pflege mit Coubeven werden die Beine wieder fit f\u00fcr den Alltag. Eine besonders hautpflegende Salbengrundlage, aus Oliven gewonnen, pflegt die Haut und sorgt daf\u00fcr, dass die hoch verd\u00fcnnten Mineralstoffe ihre Wirkung entfalten. Ohne Duftstoffe..<\/p>\n","protected":false},"excerpt":{"rendered":"<p>Adler Pharma Dr. Sch\u00fc\u00dfler Coubeven Venencreme ist eine besonders hautpflegende Salbengrundlage, aus Oliven gewonnen, welche die Haut pflegt und daf\u00fcr sorgt, dass die hoch verd\u00fcnnten Mineralstoffe ihre Wirkung entfalten. Angestrengte Beine werden belebt. Durch die regelm\u00e4\u00dfige Pflege mit Coubeven werden die Beine wieder fit f\u00fcr den Alltag. Eine besonders hautpflegende Salbengrundlage, aus Oliven gewonnen, pflegt [&hellip;]<\/p>\n","protected":false},"featured_media":38964,"template":"","meta":{"_acf_changed":false},"product_brand":[928],"product_cat":[801],"product_tag":[],"class_list":{"0":"post-38962","1":"product","2":"type-product","3":"status-publish","4":"has-post-thumbnail","6":"product_brand-adler-pharma","7":"product_cat-a","8":"pa_farbe-weiss","9":"pa_geschmack-neutral","10":"pa_packungsgroesse-100ml","12":"first","13":"instock","14":"shipping-taxable","15":"purchasable","16":"product-type-simple"},"acf":[],"_links":{"self":[{"href":"https:\/\/www.ernstbrunn-apotheke.at\/katalog\/wp-json\/wp\/v2\/product\/38962","targetHints":{"allow":["GET"]}}],"collection":[{"href":"https:\/\/www.ernstbrunn-apotheke.at\/katalog\/wp-json\/wp\/v2\/product"}],"about":[{"href":"https:\/\/www.ernstbrunn-apotheke.at\/katalog\/wp-json\/wp\/v2\/types\/product"}],"wp:featuredmedia":[{"embeddable":true,"href":"https:\/\/www.ernstbrunn-apotheke.at\/katalog\/wp-json\/wp\/v2\/media\/38964"}],"wp:attachment":[{"href":"https:\/\/www.ernstbrunn-apotheke.at\/katalog\/wp-json\/wp\/v2\/media?parent=38962"}],"wp:term":[{"taxonomy":"product_brand","embeddable":true,"href":"https:\/\/www.ernstbrunn-apotheke.at\/katalog\/wp-json\/wp\/v2\/product_brand?post=38962"},{"taxonomy":"product_cat","embeddable":true,"href":"https:\/\/www.ernstbrunn-apotheke.at\/katalog\/wp-json\/wp\/v2\/product_cat?post=38962"},{"taxonomy":"product_tag","embeddable":true,"href":"https:\/\/www.ernstbrunn-apotheke.at\/katalog\/wp-json\/wp\/v2\/product_tag?post=38962"}],"curies":[{"name":"wp","href":"https:\/\/api.w.org\/{rel}","templated":true}]}}