{"id":38958,"date":"2025-11-10T13:44:27","date_gmt":"2025-11-10T12:44:27","guid":{"rendered":"https:\/\/www.ernstbrunn-apotheke.at\/katalog\/produkt\/adler-pharma-schuessler-nr-21-zincum-chloratum-100-g-d-12\/"},"modified":"2025-12-08T15:51:20","modified_gmt":"2025-12-08T14:51:20","slug":"adler-pharma-schuessler-nr-21-zincum-chloratum-100-g-d-12","status":"publish","type":"product","link":"https:\/\/www.ernstbrunn-apotheke.at\/katalog\/produkt\/adler-pharma-schuessler-nr-21-zincum-chloratum-100-g-d-12\/","title":{"rendered":"Adler Pharma Sch\u00fc\u00dfler Nr. 21 Zincum Chloratum 100 g D 12"},"content":{"rendered":"<p>Sch\u00fc\u00dfler Nr. 21 Zincum Chloratum spielt eine bedeutende Rolle im Immungeschehen, da es mit der Unterst\u00fctzung von Enzymen in die Fresszellenaktivit\u00e4t eingreift. Zink ist bei der Knochenneubildung und dem Abbau von Alkohol in der Leber beteiligt. Au\u00dferdem stabilisiert es die Zellmembranen und f\u00f6rdert den Aufbau von einfachen Eiwei\u00dfk\u00f6rpern, welche zu den wichtigsten Bestandteilen lebender Organismen geh\u00f6ren.<\/p>\n","protected":false},"excerpt":{"rendered":"<p>Sch\u00fc\u00dfler Nr. 21 Zincum Chloratum spielt eine bedeutende Rolle im Immungeschehen, da es mit der Unterst\u00fctzung von Enzymen in die Fresszellenaktivit\u00e4t eingreift. Zink ist bei der Knochenneubildung und dem Abbau von Alkohol in der Leber beteiligt. Au\u00dferdem stabilisiert es die Zellmembranen und f\u00f6rdert den Aufbau von einfachen Eiwei\u00dfk\u00f6rpern, welche zu den wichtigsten Bestandteilen lebender Organismen [&hellip;]<\/p>\n","protected":false},"featured_media":38960,"template":"","meta":{"_acf_changed":false},"product_brand":[928],"product_cat":[801],"product_tag":[],"class_list":{"0":"post-38958","1":"product","2":"type-product","3":"status-publish","4":"has-post-thumbnail","6":"product_brand-adler-pharma","7":"product_cat-a","8":"pa_packungsgroesse-1000g","9":"pa_packungsgroesse-250g","10":"pa_packungsgroesse-100g","11":"pa_packungsgroesse-500g","13":"first","14":"instock","15":"shipping-taxable","16":"purchasable","17":"product-type-simple"},"acf":[],"_links":{"self":[{"href":"https:\/\/www.ernstbrunn-apotheke.at\/katalog\/wp-json\/wp\/v2\/product\/38958","targetHints":{"allow":["GET"]}}],"collection":[{"href":"https:\/\/www.ernstbrunn-apotheke.at\/katalog\/wp-json\/wp\/v2\/product"}],"about":[{"href":"https:\/\/www.ernstbrunn-apotheke.at\/katalog\/wp-json\/wp\/v2\/types\/product"}],"wp:featuredmedia":[{"embeddable":true,"href":"https:\/\/www.ernstbrunn-apotheke.at\/katalog\/wp-json\/wp\/v2\/media\/38960"}],"wp:attachment":[{"href":"https:\/\/www.ernstbrunn-apotheke.at\/katalog\/wp-json\/wp\/v2\/media?parent=38958"}],"wp:term":[{"taxonomy":"product_brand","embeddable":true,"href":"https:\/\/www.ernstbrunn-apotheke.at\/katalog\/wp-json\/wp\/v2\/product_brand?post=38958"},{"taxonomy":"product_cat","embeddable":true,"href":"https:\/\/www.ernstbrunn-apotheke.at\/katalog\/wp-json\/wp\/v2\/product_cat?post=38958"},{"taxonomy":"product_tag","embeddable":true,"href":"https:\/\/www.ernstbrunn-apotheke.at\/katalog\/wp-json\/wp\/v2\/product_tag?post=38958"}],"curies":[{"name":"wp","href":"https:\/\/api.w.org\/{rel}","templated":true}]}}