{"id":38944,"date":"2025-11-10T13:43:52","date_gmt":"2025-11-10T12:43:52","guid":{"rendered":"https:\/\/www.ernstbrunn-apotheke.at\/katalog\/produkt\/adler-pharma-schuessler-balsalip-5-ml\/"},"modified":"2025-12-08T15:51:17","modified_gmt":"2025-12-08T14:51:17","slug":"adler-pharma-schuessler-balsalip-5-ml","status":"publish","type":"product","link":"https:\/\/www.ernstbrunn-apotheke.at\/katalog\/produkt\/adler-pharma-schuessler-balsalip-5-ml\/","title":{"rendered":"Adler Pharma Sch\u00fc\u00dfler Balsalip 5 ml"},"content":{"rendered":"<p>Adler Pharma Dr. Sch\u00fc\u00dfler Balsalip beugt rissigen und aufgesprungene Lippen vor und st\u00e4rkt deren Bindegewebe. Dadurch wird die Herpesanf\u00e4lligkeit stark reduziert. Dieser Lippenbalsam ist eine besonders gute M\u00f6glichkeit, dem Auftreten der schmerzhaften Bl\u00e4schen vorzubeugen.<\/p>\n","protected":false},"excerpt":{"rendered":"<p>Adler Pharma Dr. Sch\u00fc\u00dfler Balsalip beugt rissigen und aufgesprungene Lippen vor und st\u00e4rkt deren Bindegewebe. Dadurch wird die Herpesanf\u00e4lligkeit stark reduziert. Dieser Lippenbalsam ist eine besonders gute M\u00f6glichkeit, dem Auftreten der schmerzhaften Bl\u00e4schen vorzubeugen.<\/p>\n","protected":false},"featured_media":38946,"template":"","meta":{"_acf_changed":false},"product_brand":[928],"product_cat":[801],"product_tag":[],"class_list":{"0":"post-38944","1":"product","2":"type-product","3":"status-publish","4":"has-post-thumbnail","6":"product_brand-adler-pharma","7":"product_cat-a","8":"pa_farbe-gelb-gruen","9":"pa_geschmack-neutral","10":"pa_packungsgroesse-5ml","12":"first","13":"instock","14":"shipping-taxable","15":"purchasable","16":"product-type-simple"},"acf":[],"_links":{"self":[{"href":"https:\/\/www.ernstbrunn-apotheke.at\/katalog\/wp-json\/wp\/v2\/product\/38944","targetHints":{"allow":["GET"]}}],"collection":[{"href":"https:\/\/www.ernstbrunn-apotheke.at\/katalog\/wp-json\/wp\/v2\/product"}],"about":[{"href":"https:\/\/www.ernstbrunn-apotheke.at\/katalog\/wp-json\/wp\/v2\/types\/product"}],"wp:featuredmedia":[{"embeddable":true,"href":"https:\/\/www.ernstbrunn-apotheke.at\/katalog\/wp-json\/wp\/v2\/media\/38946"}],"wp:attachment":[{"href":"https:\/\/www.ernstbrunn-apotheke.at\/katalog\/wp-json\/wp\/v2\/media?parent=38944"}],"wp:term":[{"taxonomy":"product_brand","embeddable":true,"href":"https:\/\/www.ernstbrunn-apotheke.at\/katalog\/wp-json\/wp\/v2\/product_brand?post=38944"},{"taxonomy":"product_cat","embeddable":true,"href":"https:\/\/www.ernstbrunn-apotheke.at\/katalog\/wp-json\/wp\/v2\/product_cat?post=38944"},{"taxonomy":"product_tag","embeddable":true,"href":"https:\/\/www.ernstbrunn-apotheke.at\/katalog\/wp-json\/wp\/v2\/product_tag?post=38944"}],"curies":[{"name":"wp","href":"https:\/\/api.w.org\/{rel}","templated":true}]}}