{"id":38939,"date":"2025-11-10T13:43:52","date_gmt":"2025-11-10T12:43:52","guid":{"rendered":"https:\/\/www.ernstbrunn-apotheke.at\/katalog\/produkt\/adler-pharma-zell-basic-pulver-350-g\/"},"modified":"2025-12-08T15:51:15","modified_gmt":"2025-12-08T14:51:15","slug":"adler-pharma-zell-basic-pulver-350-g","status":"publish","type":"product","link":"https:\/\/www.ernstbrunn-apotheke.at\/katalog\/produkt\/adler-pharma-zell-basic-pulver-350-g\/","title":{"rendered":"Adler Pharma Zell Basic Pulver 350 g"},"content":{"rendered":"<p>Zell Basic ist eine komplexe Mischung aus Sch\u00fc\u00dfler Salzen in Pulverform.Wirkung:Die Mineralstoffe nach Dr. Sch\u00fc\u00dfler verstehen sich in ihrer Anwendung als Regulationstherapie, bestens geeignet zur Gesundheitspflege und Vorbeugung von Krankheiten, bzw. zur Begleitung oder Unterst\u00fctzung einer \u00e4rztliche Therapie, ganz im Sinne einer komplement\u00e4rmedizinischen Anwendung. Dr. Sch\u00fc\u00dfler unterscheidet zwischen Betriebsstoffen (Funktionsmittel in den Zellen) und Baustoffen, die f\u00fcr den Aufbau des K\u00f6rpers n\u00f6tig sind.Die Mineralstoffe sind so verd\u00fcnnt, dass sie auf direktem Weg \u00fcber die Mundschleimhaut in Gewebe und Blut aufgenommen werden. Sch\u00fc\u00dfler Salze sind hom\u00f6opathisch zubereitete, potenzierte Arzneimittel hoher Qualit\u00e4t, die dem K\u00f6rper wegen eines Mangels an Betriebsstoffen (Funktionsmitteln) in den Zellen zugef\u00fchrt werden..<\/p>\n","protected":false},"excerpt":{"rendered":"<p>Zell Basic ist eine komplexe Mischung aus Sch\u00fc\u00dfler Salzen in Pulverform.Wirkung:Die Mineralstoffe nach Dr. Sch\u00fc\u00dfler verstehen sich in ihrer Anwendung als Regulationstherapie, bestens geeignet zur Gesundheitspflege und Vorbeugung von Krankheiten, bzw. zur Begleitung oder Unterst\u00fctzung einer \u00e4rztliche Therapie, ganz im Sinne einer komplement\u00e4rmedizinischen Anwendung. Dr. Sch\u00fc\u00dfler unterscheidet zwischen Betriebsstoffen (Funktionsmittel in den Zellen) und Baustoffen, [&hellip;]<\/p>\n","protected":false},"featured_media":38941,"template":"","meta":{"_acf_changed":false},"product_brand":[],"product_cat":[801],"product_tag":[],"class_list":{"0":"post-38939","1":"product","2":"type-product","3":"status-publish","4":"has-post-thumbnail","6":"product_cat-a","7":"pa_farbe-weiss","8":"pa_packungsgroesse-350g","10":"first","11":"instock","12":"shipping-taxable","13":"purchasable","14":"product-type-simple"},"acf":[],"_links":{"self":[{"href":"https:\/\/www.ernstbrunn-apotheke.at\/katalog\/wp-json\/wp\/v2\/product\/38939","targetHints":{"allow":["GET"]}}],"collection":[{"href":"https:\/\/www.ernstbrunn-apotheke.at\/katalog\/wp-json\/wp\/v2\/product"}],"about":[{"href":"https:\/\/www.ernstbrunn-apotheke.at\/katalog\/wp-json\/wp\/v2\/types\/product"}],"wp:featuredmedia":[{"embeddable":true,"href":"https:\/\/www.ernstbrunn-apotheke.at\/katalog\/wp-json\/wp\/v2\/media\/38941"}],"wp:attachment":[{"href":"https:\/\/www.ernstbrunn-apotheke.at\/katalog\/wp-json\/wp\/v2\/media?parent=38939"}],"wp:term":[{"taxonomy":"product_brand","embeddable":true,"href":"https:\/\/www.ernstbrunn-apotheke.at\/katalog\/wp-json\/wp\/v2\/product_brand?post=38939"},{"taxonomy":"product_cat","embeddable":true,"href":"https:\/\/www.ernstbrunn-apotheke.at\/katalog\/wp-json\/wp\/v2\/product_cat?post=38939"},{"taxonomy":"product_tag","embeddable":true,"href":"https:\/\/www.ernstbrunn-apotheke.at\/katalog\/wp-json\/wp\/v2\/product_tag?post=38939"}],"curies":[{"name":"wp","href":"https:\/\/api.w.org\/{rel}","templated":true}]}}