{"id":38929,"date":"2025-11-10T13:43:52","date_gmt":"2025-11-10T12:43:52","guid":{"rendered":"https:\/\/www.ernstbrunn-apotheke.at\/katalog\/produkt\/adler-pharma-schuessler-tabletten-nr-6-kalium-sulfuricum-d-6-100-g\/"},"modified":"2025-12-08T15:55:14","modified_gmt":"2025-12-08T14:55:14","slug":"adler-pharma-schuessler-tabletten-nr-6-kalium-sulfuricum-d-6-100-g","status":"publish","type":"product","link":"https:\/\/www.ernstbrunn-apotheke.at\/katalog\/produkt\/adler-pharma-schuessler-tabletten-nr-6-kalium-sulfuricum-d-6-100-g\/","title":{"rendered":"Adler Pharma Sch\u00fc\u00dfler Tabletten Nr. 6 Kalium Sulfuricum D 6 100 g"},"content":{"rendered":"<p>Adler Pharma Dr. Sch\u00fc\u00dfler Tabletten Nr. 6 Kalium Sulfuricum D 6 eignen sich zur nat\u00fcrlichen Behandlung von Entz\u00fcndungen und Beschwerden der Gelenke. Durch das Kaliumsulfat wird mehr Sauerstoff ins entz\u00fcndete Gebiet transportiert, wodurch die Bildung neuer Zellen beschleunigt wird. Es kommt zu einer F\u00f6rderung der Heilung. Zus\u00e4tzlich hilft der Wirkstoff bei defekten Gelenken und einem gest\u00f6rten Haar- und Nagelwachstum.<\/p>\n","protected":false},"excerpt":{"rendered":"<p>Adler Pharma Dr. Sch\u00fc\u00dfler Tabletten Nr. 6 Kalium Sulfuricum D 6 eignen sich zur nat\u00fcrlichen Behandlung von Entz\u00fcndungen und Beschwerden der Gelenke. Durch das Kaliumsulfat wird mehr Sauerstoff ins entz\u00fcndete Gebiet transportiert, wodurch die Bildung neuer Zellen beschleunigt wird. Es kommt zu einer F\u00f6rderung der Heilung. Zus\u00e4tzlich hilft der Wirkstoff bei defekten Gelenken und einem [&hellip;]<\/p>\n","protected":false},"featured_media":38931,"template":"","meta":{"_acf_changed":false},"product_brand":[928],"product_cat":[801],"product_tag":[],"class_list":{"0":"post-38929","1":"product","2":"type-product","3":"status-publish","4":"has-post-thumbnail","6":"product_brand-adler-pharma","7":"product_cat-a","8":"pa_packungsgroesse-1000g","9":"pa_packungsgroesse-250g","10":"pa_packungsgroesse-100g","11":"pa_packungsgroesse-500g","13":"first","14":"instock","15":"shipping-taxable","16":"purchasable","17":"product-type-variable"},"acf":[],"_links":{"self":[{"href":"https:\/\/www.ernstbrunn-apotheke.at\/katalog\/wp-json\/wp\/v2\/product\/38929","targetHints":{"allow":["GET"]}}],"collection":[{"href":"https:\/\/www.ernstbrunn-apotheke.at\/katalog\/wp-json\/wp\/v2\/product"}],"about":[{"href":"https:\/\/www.ernstbrunn-apotheke.at\/katalog\/wp-json\/wp\/v2\/types\/product"}],"wp:featuredmedia":[{"embeddable":true,"href":"https:\/\/www.ernstbrunn-apotheke.at\/katalog\/wp-json\/wp\/v2\/media\/38931"}],"wp:attachment":[{"href":"https:\/\/www.ernstbrunn-apotheke.at\/katalog\/wp-json\/wp\/v2\/media?parent=38929"}],"wp:term":[{"taxonomy":"product_brand","embeddable":true,"href":"https:\/\/www.ernstbrunn-apotheke.at\/katalog\/wp-json\/wp\/v2\/product_brand?post=38929"},{"taxonomy":"product_cat","embeddable":true,"href":"https:\/\/www.ernstbrunn-apotheke.at\/katalog\/wp-json\/wp\/v2\/product_cat?post=38929"},{"taxonomy":"product_tag","embeddable":true,"href":"https:\/\/www.ernstbrunn-apotheke.at\/katalog\/wp-json\/wp\/v2\/product_tag?post=38929"}],"curies":[{"name":"wp","href":"https:\/\/api.w.org\/{rel}","templated":true}]}}