{"id":38926,"date":"2025-11-10T13:43:25","date_gmt":"2025-11-10T12:43:25","guid":{"rendered":"https:\/\/www.ernstbrunn-apotheke.at\/katalog\/produkt\/adler-pharma-schuessler-regidol-gelenkscreme-100-ml\/"},"modified":"2025-12-08T15:51:10","modified_gmt":"2025-12-08T14:51:10","slug":"adler-pharma-schuessler-regidol-gelenkscreme-100-ml","status":"publish","type":"product","link":"https:\/\/www.ernstbrunn-apotheke.at\/katalog\/produkt\/adler-pharma-schuessler-regidol-gelenkscreme-100-ml\/","title":{"rendered":"Adler Pharma Sch\u00fc\u00dfler Regidol Gelenkscreme 100 ml"},"content":{"rendered":"<p>Sch\u00fc\u00dfler Regidol Gelenkscreme versorgt Muskeln, Gelenke, Knorpel, Sehnen und B\u00e4nder mit hochverd\u00fcnnten Mineralstoffen, um Probleme mit dem Bewegungsapparat oder Schmerzen, auch in der Wachstumsphase, zu lindern. Es handelt sich um eine feuchtigkeitspendende Creme, die rasch einzieht und konstant Minerale an die betroffen Stellen abgibt.<\/p>\n","protected":false},"excerpt":{"rendered":"<p>Sch\u00fc\u00dfler Regidol Gelenkscreme versorgt Muskeln, Gelenke, Knorpel, Sehnen und B\u00e4nder mit hochverd\u00fcnnten Mineralstoffen, um Probleme mit dem Bewegungsapparat oder Schmerzen, auch in der Wachstumsphase, zu lindern. Es handelt sich um eine feuchtigkeitspendende Creme, die rasch einzieht und konstant Minerale an die betroffen Stellen abgibt.<\/p>\n","protected":false},"featured_media":38928,"template":"","meta":{"_acf_changed":false},"product_brand":[928],"product_cat":[801],"product_tag":[],"class_list":{"0":"post-38926","1":"product","2":"type-product","3":"status-publish","4":"has-post-thumbnail","6":"product_brand-adler-pharma","7":"product_cat-a","8":"pa_farbe-weiss","9":"pa_geschmack-neutral","10":"pa_packungsgroesse-100ml","12":"first","13":"instock","14":"shipping-taxable","15":"purchasable","16":"product-type-simple"},"acf":[],"_links":{"self":[{"href":"https:\/\/www.ernstbrunn-apotheke.at\/katalog\/wp-json\/wp\/v2\/product\/38926","targetHints":{"allow":["GET"]}}],"collection":[{"href":"https:\/\/www.ernstbrunn-apotheke.at\/katalog\/wp-json\/wp\/v2\/product"}],"about":[{"href":"https:\/\/www.ernstbrunn-apotheke.at\/katalog\/wp-json\/wp\/v2\/types\/product"}],"wp:featuredmedia":[{"embeddable":true,"href":"https:\/\/www.ernstbrunn-apotheke.at\/katalog\/wp-json\/wp\/v2\/media\/38928"}],"wp:attachment":[{"href":"https:\/\/www.ernstbrunn-apotheke.at\/katalog\/wp-json\/wp\/v2\/media?parent=38926"}],"wp:term":[{"taxonomy":"product_brand","embeddable":true,"href":"https:\/\/www.ernstbrunn-apotheke.at\/katalog\/wp-json\/wp\/v2\/product_brand?post=38926"},{"taxonomy":"product_cat","embeddable":true,"href":"https:\/\/www.ernstbrunn-apotheke.at\/katalog\/wp-json\/wp\/v2\/product_cat?post=38926"},{"taxonomy":"product_tag","embeddable":true,"href":"https:\/\/www.ernstbrunn-apotheke.at\/katalog\/wp-json\/wp\/v2\/product_tag?post=38926"}],"curies":[{"name":"wp","href":"https:\/\/api.w.org\/{rel}","templated":true}]}}