{"id":38908,"date":"2025-11-10T13:43:25","date_gmt":"2025-11-10T12:43:25","guid":{"rendered":"https:\/\/www.ernstbrunn-apotheke.at\/katalog\/produkt\/adler-pharma-schuessler-tabletten-nr-10-natrium-sulfuricum-d-6-100-g\/"},"modified":"2025-12-08T15:55:06","modified_gmt":"2025-12-08T14:55:06","slug":"adler-pharma-schuessler-tabletten-nr-10-natrium-sulfuricum-d-6-100-g","status":"publish","type":"product","link":"https:\/\/www.ernstbrunn-apotheke.at\/katalog\/produkt\/adler-pharma-schuessler-tabletten-nr-10-natrium-sulfuricum-d-6-100-g\/","title":{"rendered":"Adler Pharma Sch\u00fc\u00dfler Tabletten Nr. 10 Natrium Sulfuricum D 6 100 g"},"content":{"rendered":"<p>Adler Pharma Dr. Sch\u00fc\u00dfler Tabletten Nr. 10 Natrium Sulfuricum D 6 ist das Mittel f\u00fcr Entschlackung und Ausscheidung von Schadstoffen. Bei einem Mangel kommt es zu geschwollenen F\u00fc\u00dfen, Unterschenkeln, H\u00e4nden und Tr\u00e4nens\u00e4cken. Au\u00dferdem kommt es zu unangehemen Bl\u00e4hungen. F\u00fcr ein gesundes Abnehmen ist der Abbau von Schadstoffen und die St\u00e4rkung der Leber grundlegend.<\/p>\n","protected":false},"excerpt":{"rendered":"<p>Adler Pharma Dr. Sch\u00fc\u00dfler Tabletten Nr. 10 Natrium Sulfuricum D 6 ist das Mittel f\u00fcr Entschlackung und Ausscheidung von Schadstoffen. Bei einem Mangel kommt es zu geschwollenen F\u00fc\u00dfen, Unterschenkeln, H\u00e4nden und Tr\u00e4nens\u00e4cken. Au\u00dferdem kommt es zu unangehemen Bl\u00e4hungen. F\u00fcr ein gesundes Abnehmen ist der Abbau von Schadstoffen und die St\u00e4rkung der Leber grundlegend.<\/p>\n","protected":false},"featured_media":38910,"template":"","meta":{"_acf_changed":false},"product_brand":[928],"product_cat":[801],"product_tag":[],"class_list":{"0":"post-38908","1":"product","2":"type-product","3":"status-publish","4":"has-post-thumbnail","6":"product_brand-adler-pharma","7":"product_cat-a","8":"pa_packungsgroesse-1000g","9":"pa_packungsgroesse-250g","10":"pa_packungsgroesse-100g","11":"pa_packungsgroesse-500g","13":"first","14":"instock","15":"shipping-taxable","16":"purchasable","17":"product-type-variable"},"acf":[],"_links":{"self":[{"href":"https:\/\/www.ernstbrunn-apotheke.at\/katalog\/wp-json\/wp\/v2\/product\/38908","targetHints":{"allow":["GET"]}}],"collection":[{"href":"https:\/\/www.ernstbrunn-apotheke.at\/katalog\/wp-json\/wp\/v2\/product"}],"about":[{"href":"https:\/\/www.ernstbrunn-apotheke.at\/katalog\/wp-json\/wp\/v2\/types\/product"}],"wp:featuredmedia":[{"embeddable":true,"href":"https:\/\/www.ernstbrunn-apotheke.at\/katalog\/wp-json\/wp\/v2\/media\/38910"}],"wp:attachment":[{"href":"https:\/\/www.ernstbrunn-apotheke.at\/katalog\/wp-json\/wp\/v2\/media?parent=38908"}],"wp:term":[{"taxonomy":"product_brand","embeddable":true,"href":"https:\/\/www.ernstbrunn-apotheke.at\/katalog\/wp-json\/wp\/v2\/product_brand?post=38908"},{"taxonomy":"product_cat","embeddable":true,"href":"https:\/\/www.ernstbrunn-apotheke.at\/katalog\/wp-json\/wp\/v2\/product_cat?post=38908"},{"taxonomy":"product_tag","embeddable":true,"href":"https:\/\/www.ernstbrunn-apotheke.at\/katalog\/wp-json\/wp\/v2\/product_tag?post=38908"}],"curies":[{"name":"wp","href":"https:\/\/api.w.org\/{rel}","templated":true}]}}