{"id":38881,"date":"2025-11-10T13:42:52","date_gmt":"2025-11-10T12:42:52","guid":{"rendered":"https:\/\/www.ernstbrunn-apotheke.at\/katalog\/produkt\/adler-pharma-schuessler-tabletten-nr-3-ferrum-phosphoricum-d-12-100-g\/"},"modified":"2025-12-08T15:50:49","modified_gmt":"2025-12-08T14:50:49","slug":"adler-pharma-schuessler-tabletten-nr-3-ferrum-phosphoricum-d-12-100-g","status":"publish","type":"product","link":"https:\/\/www.ernstbrunn-apotheke.at\/katalog\/produkt\/adler-pharma-schuessler-tabletten-nr-3-ferrum-phosphoricum-d-12-100-g\/","title":{"rendered":"Adler Pharma Sch\u00fc\u00dfler Tabletten Nr. 3 Ferrum Phosphoricum D 12 100 g"},"content":{"rendered":"<p>Adler Pharma Dr. Sch\u00fc\u00dfler Tabletten Nr. 3 Ferrum Phosphoricum D 6 beg\u00fcnstigen den Aufbau roter Blutk\u00f6rperchen und unterst\u00fctzen die k\u00f6rpereigene Abwehr. Typische Beschwerden sind Entz\u00fcndungen im Anfangsstadium, auch mit leichtem Fieber, sowie leichtere Verletzungen. Es findet Anwendung beim harmlosen Sonnenbrand sowie bei Abgeschlagenheit und Konzentrationsst\u00f6rungen.<\/p>\n","protected":false},"excerpt":{"rendered":"<p>Adler Pharma Dr. Sch\u00fc\u00dfler Tabletten Nr. 3 Ferrum Phosphoricum D 6 beg\u00fcnstigen den Aufbau roter Blutk\u00f6rperchen und unterst\u00fctzen die k\u00f6rpereigene Abwehr. Typische Beschwerden sind Entz\u00fcndungen im Anfangsstadium, auch mit leichtem Fieber, sowie leichtere Verletzungen. Es findet Anwendung beim harmlosen Sonnenbrand sowie bei Abgeschlagenheit und Konzentrationsst\u00f6rungen.<\/p>\n","protected":false},"featured_media":38883,"template":"","meta":{"_acf_changed":false},"product_brand":[928],"product_cat":[801],"product_tag":[],"class_list":{"0":"post-38881","1":"product","2":"type-product","3":"status-publish","4":"has-post-thumbnail","6":"product_brand-adler-pharma","7":"product_cat-a","8":"pa_packungsgroesse-1000g","9":"pa_packungsgroesse-250g","10":"pa_packungsgroesse-100g","11":"pa_packungsgroesse-500g","13":"first","14":"instock","15":"shipping-taxable","16":"purchasable","17":"product-type-simple"},"acf":[],"_links":{"self":[{"href":"https:\/\/www.ernstbrunn-apotheke.at\/katalog\/wp-json\/wp\/v2\/product\/38881","targetHints":{"allow":["GET"]}}],"collection":[{"href":"https:\/\/www.ernstbrunn-apotheke.at\/katalog\/wp-json\/wp\/v2\/product"}],"about":[{"href":"https:\/\/www.ernstbrunn-apotheke.at\/katalog\/wp-json\/wp\/v2\/types\/product"}],"wp:featuredmedia":[{"embeddable":true,"href":"https:\/\/www.ernstbrunn-apotheke.at\/katalog\/wp-json\/wp\/v2\/media\/38883"}],"wp:attachment":[{"href":"https:\/\/www.ernstbrunn-apotheke.at\/katalog\/wp-json\/wp\/v2\/media?parent=38881"}],"wp:term":[{"taxonomy":"product_brand","embeddable":true,"href":"https:\/\/www.ernstbrunn-apotheke.at\/katalog\/wp-json\/wp\/v2\/product_brand?post=38881"},{"taxonomy":"product_cat","embeddable":true,"href":"https:\/\/www.ernstbrunn-apotheke.at\/katalog\/wp-json\/wp\/v2\/product_cat?post=38881"},{"taxonomy":"product_tag","embeddable":true,"href":"https:\/\/www.ernstbrunn-apotheke.at\/katalog\/wp-json\/wp\/v2\/product_tag?post=38881"}],"curies":[{"name":"wp","href":"https:\/\/api.w.org\/{rel}","templated":true}]}}