{"id":38842,"date":"2025-11-10T13:42:18","date_gmt":"2025-11-10T12:42:18","guid":{"rendered":"https:\/\/www.ernstbrunn-apotheke.at\/katalog\/produkt\/neu-regen-spag-peka-tropfen\/"},"modified":"2025-12-08T15:50:31","modified_gmt":"2025-12-08T14:50:31","slug":"neu-regen-spag-peka-tropfen","status":"publish","type":"product","link":"https:\/\/www.ernstbrunn-apotheke.at\/katalog\/produkt\/neu-regen-spag-peka-tropfen\/","title":{"rendered":"NEU-regen spag. Peka Tropfen"},"content":{"rendered":"<p>NEU-regen spagyrische Peka Tropfen dienen zur unterst\u00fctzenden Behandlung von geistigen und k\u00f6rperlichen Ersch\u00f6pfungszust\u00e4nden<\/p>\n","protected":false},"excerpt":{"rendered":"<p>NEU-regen spagyrische Peka Tropfen dienen zur unterst\u00fctzenden Behandlung von geistigen und k\u00f6rperlichen Ersch\u00f6pfungszust\u00e4nden<\/p>\n","protected":false},"featured_media":0,"template":"","meta":{"_acf_changed":false},"product_brand":[],"product_cat":[797],"product_tag":[],"class_list":{"0":"post-38842","1":"product","2":"type-product","3":"status-publish","5":"product_cat-n","6":"pa_packungsgroesse-150ml","8":"first","9":"instock","10":"shipping-taxable","11":"purchasable","12":"product-type-simple"},"acf":[],"_links":{"self":[{"href":"https:\/\/www.ernstbrunn-apotheke.at\/katalog\/wp-json\/wp\/v2\/product\/38842","targetHints":{"allow":["GET"]}}],"collection":[{"href":"https:\/\/www.ernstbrunn-apotheke.at\/katalog\/wp-json\/wp\/v2\/product"}],"about":[{"href":"https:\/\/www.ernstbrunn-apotheke.at\/katalog\/wp-json\/wp\/v2\/types\/product"}],"wp:attachment":[{"href":"https:\/\/www.ernstbrunn-apotheke.at\/katalog\/wp-json\/wp\/v2\/media?parent=38842"}],"wp:term":[{"taxonomy":"product_brand","embeddable":true,"href":"https:\/\/www.ernstbrunn-apotheke.at\/katalog\/wp-json\/wp\/v2\/product_brand?post=38842"},{"taxonomy":"product_cat","embeddable":true,"href":"https:\/\/www.ernstbrunn-apotheke.at\/katalog\/wp-json\/wp\/v2\/product_cat?post=38842"},{"taxonomy":"product_tag","embeddable":true,"href":"https:\/\/www.ernstbrunn-apotheke.at\/katalog\/wp-json\/wp\/v2\/product_tag?post=38842"}],"curies":[{"name":"wp","href":"https:\/\/api.w.org\/{rel}","templated":true}]}}