{"id":38834,"date":"2025-11-10T13:41:44","date_gmt":"2025-11-10T12:41:44","guid":{"rendered":"https:\/\/www.ernstbrunn-apotheke.at\/katalog\/produkt\/espara-alchemistische-essenz-preiselbeer-compositum-30-ml\/"},"modified":"2025-12-08T15:50:28","modified_gmt":"2025-12-08T14:50:28","slug":"espara-alchemistische-essenz-preiselbeer-compositum-30-ml","status":"publish","type":"product","link":"https:\/\/www.ernstbrunn-apotheke.at\/katalog\/produkt\/espara-alchemistische-essenz-preiselbeer-compositum-30-ml\/","title":{"rendered":"Espara Alchemistische Essenz Preiselbeer Compositum 30 ml"},"content":{"rendered":"<p>Espara Alchemistische Essenz Preiselbeer Compositum ist ein Nahrungserg\u00e4nzungsmittel mit Destillaten von Preiselbeere, Orthosiphon und Kapuzinerkresse. Preiselbeere wirkt g\u00fcnstig auf Blase und Harnwege. Hergestellt nach einem speziellen, auf Paracelsus zur\u00fcckgehenden Verfahren.<\/p>\n","protected":false},"excerpt":{"rendered":"<p>Espara Alchemistische Essenz Preiselbeer Compositum ist ein Nahrungserg\u00e4nzungsmittel mit Destillaten von Preiselbeere, Orthosiphon und Kapuzinerkresse. Preiselbeere wirkt g\u00fcnstig auf Blase und Harnwege. Hergestellt nach einem speziellen, auf Paracelsus zur\u00fcckgehenden Verfahren.<\/p>\n","protected":false},"featured_media":38836,"template":"","meta":{"_acf_changed":false},"product_brand":[383],"product_cat":[794],"product_tag":[],"class_list":{"0":"post-38834","1":"product","2":"type-product","3":"status-publish","4":"has-post-thumbnail","6":"product_brand-espara","7":"product_cat-e","8":"pa_packungsgroesse-30ml","10":"first","11":"instock","12":"shipping-taxable","13":"purchasable","14":"product-type-simple"},"acf":[],"_links":{"self":[{"href":"https:\/\/www.ernstbrunn-apotheke.at\/katalog\/wp-json\/wp\/v2\/product\/38834","targetHints":{"allow":["GET"]}}],"collection":[{"href":"https:\/\/www.ernstbrunn-apotheke.at\/katalog\/wp-json\/wp\/v2\/product"}],"about":[{"href":"https:\/\/www.ernstbrunn-apotheke.at\/katalog\/wp-json\/wp\/v2\/types\/product"}],"wp:featuredmedia":[{"embeddable":true,"href":"https:\/\/www.ernstbrunn-apotheke.at\/katalog\/wp-json\/wp\/v2\/media\/38836"}],"wp:attachment":[{"href":"https:\/\/www.ernstbrunn-apotheke.at\/katalog\/wp-json\/wp\/v2\/media?parent=38834"}],"wp:term":[{"taxonomy":"product_brand","embeddable":true,"href":"https:\/\/www.ernstbrunn-apotheke.at\/katalog\/wp-json\/wp\/v2\/product_brand?post=38834"},{"taxonomy":"product_cat","embeddable":true,"href":"https:\/\/www.ernstbrunn-apotheke.at\/katalog\/wp-json\/wp\/v2\/product_cat?post=38834"},{"taxonomy":"product_tag","embeddable":true,"href":"https:\/\/www.ernstbrunn-apotheke.at\/katalog\/wp-json\/wp\/v2\/product_tag?post=38834"}],"curies":[{"name":"wp","href":"https:\/\/api.w.org\/{rel}","templated":true}]}}