{"id":38819,"date":"2025-11-10T13:41:44","date_gmt":"2025-11-10T12:41:44","guid":{"rendered":"https:\/\/www.ernstbrunn-apotheke.at\/katalog\/produkt\/renelix-spagyra-tropfen-pekana-100-ml\/"},"modified":"2025-12-08T15:50:23","modified_gmt":"2025-12-08T14:50:23","slug":"renelix-spagyra-tropfen-pekana-100-ml","status":"publish","type":"product","link":"https:\/\/www.ernstbrunn-apotheke.at\/katalog\/produkt\/renelix-spagyra-tropfen-pekana-100-ml\/","title":{"rendered":"Renelix Spagyra Tropfen Pekana 100 ml"},"content":{"rendered":"<p>RENELIX ist ein hom\u00f6opathisches Kombinationsarzneimittel, das sich aus verschiedenen hom\u00f6opathischen Einzelmitteln zusammensetzt. Die Tropfen k\u00f6nnen zur unterst\u00fctzenden Behandlung von Nierensteinleiden und zur Unterst\u00fctzung der Nierenfunktion eingesetzt werden.<\/p>\n","protected":false},"excerpt":{"rendered":"<p>RENELIX ist ein hom\u00f6opathisches Kombinationsarzneimittel, das sich aus verschiedenen hom\u00f6opathischen Einzelmitteln zusammensetzt. Die Tropfen k\u00f6nnen zur unterst\u00fctzenden Behandlung von Nierensteinleiden und zur Unterst\u00fctzung der Nierenfunktion eingesetzt werden.<\/p>\n","protected":false},"featured_media":38821,"template":"","meta":{"_acf_changed":false},"product_brand":[],"product_cat":[808],"product_tag":[],"class_list":{"0":"post-38819","1":"product","2":"type-product","3":"status-publish","4":"has-post-thumbnail","6":"product_cat-r","7":"pa_packungsgroesse-100ml","9":"first","10":"instock","11":"shipping-taxable","12":"purchasable","13":"product-type-simple"},"acf":[],"_links":{"self":[{"href":"https:\/\/www.ernstbrunn-apotheke.at\/katalog\/wp-json\/wp\/v2\/product\/38819","targetHints":{"allow":["GET"]}}],"collection":[{"href":"https:\/\/www.ernstbrunn-apotheke.at\/katalog\/wp-json\/wp\/v2\/product"}],"about":[{"href":"https:\/\/www.ernstbrunn-apotheke.at\/katalog\/wp-json\/wp\/v2\/types\/product"}],"wp:featuredmedia":[{"embeddable":true,"href":"https:\/\/www.ernstbrunn-apotheke.at\/katalog\/wp-json\/wp\/v2\/media\/38821"}],"wp:attachment":[{"href":"https:\/\/www.ernstbrunn-apotheke.at\/katalog\/wp-json\/wp\/v2\/media?parent=38819"}],"wp:term":[{"taxonomy":"product_brand","embeddable":true,"href":"https:\/\/www.ernstbrunn-apotheke.at\/katalog\/wp-json\/wp\/v2\/product_brand?post=38819"},{"taxonomy":"product_cat","embeddable":true,"href":"https:\/\/www.ernstbrunn-apotheke.at\/katalog\/wp-json\/wp\/v2\/product_cat?post=38819"},{"taxonomy":"product_tag","embeddable":true,"href":"https:\/\/www.ernstbrunn-apotheke.at\/katalog\/wp-json\/wp\/v2\/product_tag?post=38819"}],"curies":[{"name":"wp","href":"https:\/\/api.w.org\/{rel}","templated":true}]}}