{"id":38762,"date":"2025-11-10T13:40:57","date_gmt":"2025-11-10T12:40:57","guid":{"rendered":"https:\/\/www.ernstbrunn-apotheke.at\/katalog\/produkt\/wala-disci-rhus-toxicodendron-comp-ampullen-10-stk\/"},"modified":"2025-12-08T15:50:05","modified_gmt":"2025-12-08T14:50:05","slug":"wala-disci-rhus-toxicodendron-comp-ampullen-10-stk","status":"publish","type":"product","link":"https:\/\/www.ernstbrunn-apotheke.at\/katalog\/produkt\/wala-disci-rhus-toxicodendron-comp-ampullen-10-stk\/","title":{"rendered":"Wala Disci Rhus Toxicodendron Comp. Ampullen 10 Stk."},"content":{"rendered":"<p>Wala Disci Rhus Toxicodendron Comp. Ampullen werden bei St\u00f6rungen der Aufrichte-, Bewegungs- und Formprozesse der gesamten Wirbels\u00e4ulenformation eingesetzt. Dabei hilft das Produkt insbesondere bei akuten Schmerzzust\u00e4nden bei degenerativen Ver\u00e4nderungen der Wirbels\u00e4ule und auch bei schmerzhaften Gelenkerkrankungen sowie Nervenschmerzen.<\/p>\n","protected":false},"excerpt":{"rendered":"<p>Wala Disci Rhus Toxicodendron Comp. Ampullen werden bei St\u00f6rungen der Aufrichte-, Bewegungs- und Formprozesse der gesamten Wirbels\u00e4ulenformation eingesetzt. Dabei hilft das Produkt insbesondere bei akuten Schmerzzust\u00e4nden bei degenerativen Ver\u00e4nderungen der Wirbels\u00e4ule und auch bei schmerzhaften Gelenkerkrankungen sowie Nervenschmerzen.<\/p>\n","protected":false},"featured_media":38764,"template":"","meta":{"_acf_changed":false},"product_brand":[866],"product_cat":[796],"product_tag":[],"class_list":{"0":"post-38762","1":"product","2":"type-product","3":"status-publish","4":"has-post-thumbnail","6":"product_brand-wala","7":"product_cat-w","8":"pa_packungsgroesse-10-stueck","10":"first","11":"instock","12":"shipping-taxable","13":"purchasable","14":"product-type-simple"},"acf":[],"_links":{"self":[{"href":"https:\/\/www.ernstbrunn-apotheke.at\/katalog\/wp-json\/wp\/v2\/product\/38762","targetHints":{"allow":["GET"]}}],"collection":[{"href":"https:\/\/www.ernstbrunn-apotheke.at\/katalog\/wp-json\/wp\/v2\/product"}],"about":[{"href":"https:\/\/www.ernstbrunn-apotheke.at\/katalog\/wp-json\/wp\/v2\/types\/product"}],"wp:featuredmedia":[{"embeddable":true,"href":"https:\/\/www.ernstbrunn-apotheke.at\/katalog\/wp-json\/wp\/v2\/media\/38764"}],"wp:attachment":[{"href":"https:\/\/www.ernstbrunn-apotheke.at\/katalog\/wp-json\/wp\/v2\/media?parent=38762"}],"wp:term":[{"taxonomy":"product_brand","embeddable":true,"href":"https:\/\/www.ernstbrunn-apotheke.at\/katalog\/wp-json\/wp\/v2\/product_brand?post=38762"},{"taxonomy":"product_cat","embeddable":true,"href":"https:\/\/www.ernstbrunn-apotheke.at\/katalog\/wp-json\/wp\/v2\/product_cat?post=38762"},{"taxonomy":"product_tag","embeddable":true,"href":"https:\/\/www.ernstbrunn-apotheke.at\/katalog\/wp-json\/wp\/v2\/product_tag?post=38762"}],"curies":[{"name":"wp","href":"https:\/\/api.w.org\/{rel}","templated":true}]}}