{"id":38581,"date":"2025-11-10T13:37:33","date_gmt":"2025-11-10T12:37:33","guid":{"rendered":"https:\/\/www.ernstbrunn-apotheke.at\/katalog\/produkt\/wala-chelidonium-comp-augentropfen-05-ml-5-stk\/"},"modified":"2025-12-08T15:49:29","modified_gmt":"2025-12-08T14:49:29","slug":"wala-chelidonium-comp-augentropfen-05-ml-5-stk","status":"publish","type":"product","link":"https:\/\/www.ernstbrunn-apotheke.at\/katalog\/produkt\/wala-chelidonium-comp-augentropfen-05-ml-5-stk\/","title":{"rendered":"Wala Chelidonium Comp. Augentropfen 0,5 ml 5 Stk."},"content":{"rendered":"<p>Wala Chelidonium Comp. Augentropfen befeuchten und erfrischen die Augen sofort. Zudem regen sie sanft die Tr\u00e4nensekretion an. Dar\u00fcber hinaus beruhigen die Tropfen das Auge, wirken kr\u00e4ftigend und st\u00e4rkend.<\/p>\n","protected":false},"excerpt":{"rendered":"<p>Wala Chelidonium Comp. Augentropfen befeuchten und erfrischen die Augen sofort. Zudem regen sie sanft die Tr\u00e4nensekretion an. Dar\u00fcber hinaus beruhigen die Tropfen das Auge, wirken kr\u00e4ftigend und st\u00e4rkend.<\/p>\n","protected":false},"featured_media":38583,"template":"","meta":{"_acf_changed":false},"product_brand":[866],"product_cat":[796],"product_tag":[],"class_list":{"0":"post-38581","1":"product","2":"type-product","3":"status-publish","4":"has-post-thumbnail","6":"product_brand-wala","7":"product_cat-w","8":"pa_packungsgroesse-5-stueck","10":"first","11":"instock","12":"shipping-taxable","13":"purchasable","14":"product-type-simple"},"acf":[],"_links":{"self":[{"href":"https:\/\/www.ernstbrunn-apotheke.at\/katalog\/wp-json\/wp\/v2\/product\/38581","targetHints":{"allow":["GET"]}}],"collection":[{"href":"https:\/\/www.ernstbrunn-apotheke.at\/katalog\/wp-json\/wp\/v2\/product"}],"about":[{"href":"https:\/\/www.ernstbrunn-apotheke.at\/katalog\/wp-json\/wp\/v2\/types\/product"}],"wp:featuredmedia":[{"embeddable":true,"href":"https:\/\/www.ernstbrunn-apotheke.at\/katalog\/wp-json\/wp\/v2\/media\/38583"}],"wp:attachment":[{"href":"https:\/\/www.ernstbrunn-apotheke.at\/katalog\/wp-json\/wp\/v2\/media?parent=38581"}],"wp:term":[{"taxonomy":"product_brand","embeddable":true,"href":"https:\/\/www.ernstbrunn-apotheke.at\/katalog\/wp-json\/wp\/v2\/product_brand?post=38581"},{"taxonomy":"product_cat","embeddable":true,"href":"https:\/\/www.ernstbrunn-apotheke.at\/katalog\/wp-json\/wp\/v2\/product_cat?post=38581"},{"taxonomy":"product_tag","embeddable":true,"href":"https:\/\/www.ernstbrunn-apotheke.at\/katalog\/wp-json\/wp\/v2\/product_tag?post=38581"}],"curies":[{"name":"wp","href":"https:\/\/api.w.org\/{rel}","templated":true}]}}