{"id":38509,"date":"2025-11-10T13:35:50","date_gmt":"2025-11-10T12:35:50","guid":{"rendered":"https:\/\/www.ernstbrunn-apotheke.at\/katalog\/produkt\/psy-stabil-spagyra-globuli-pekana\/"},"modified":"2025-12-08T15:49:15","modified_gmt":"2025-12-08T14:49:15","slug":"psy-stabil-spagyra-globuli-pekana","status":"publish","type":"product","link":"https:\/\/www.ernstbrunn-apotheke.at\/katalog\/produkt\/psy-stabil-spagyra-globuli-pekana\/","title":{"rendered":"Psy Stabil Spagyra Globuli Pekana"},"content":{"rendered":"<p>PSY-stabil spag. Peka Globuli werden besonders gerne zur unterst\u00fctzenden Behandlung von Erwartungs-, Pr\u00fcfungs- und anderen Tages\u00e4ngsten eingesetzt..<\/p>\n","protected":false},"excerpt":{"rendered":"<p>PSY-stabil spag. Peka Globuli werden besonders gerne zur unterst\u00fctzenden Behandlung von Erwartungs-, Pr\u00fcfungs- und anderen Tages\u00e4ngsten eingesetzt..<\/p>\n","protected":false},"featured_media":38511,"template":"","meta":{"_acf_changed":false},"product_brand":[],"product_cat":[793],"product_tag":[],"class_list":{"0":"post-38509","1":"product","2":"type-product","3":"status-publish","4":"has-post-thumbnail","6":"product_cat-p","7":"pa_packungsgroesse-10g","9":"first","10":"instock","11":"shipping-taxable","12":"purchasable","13":"product-type-simple"},"acf":[],"_links":{"self":[{"href":"https:\/\/www.ernstbrunn-apotheke.at\/katalog\/wp-json\/wp\/v2\/product\/38509","targetHints":{"allow":["GET"]}}],"collection":[{"href":"https:\/\/www.ernstbrunn-apotheke.at\/katalog\/wp-json\/wp\/v2\/product"}],"about":[{"href":"https:\/\/www.ernstbrunn-apotheke.at\/katalog\/wp-json\/wp\/v2\/types\/product"}],"wp:featuredmedia":[{"embeddable":true,"href":"https:\/\/www.ernstbrunn-apotheke.at\/katalog\/wp-json\/wp\/v2\/media\/38511"}],"wp:attachment":[{"href":"https:\/\/www.ernstbrunn-apotheke.at\/katalog\/wp-json\/wp\/v2\/media?parent=38509"}],"wp:term":[{"taxonomy":"product_brand","embeddable":true,"href":"https:\/\/www.ernstbrunn-apotheke.at\/katalog\/wp-json\/wp\/v2\/product_brand?post=38509"},{"taxonomy":"product_cat","embeddable":true,"href":"https:\/\/www.ernstbrunn-apotheke.at\/katalog\/wp-json\/wp\/v2\/product_cat?post=38509"},{"taxonomy":"product_tag","embeddable":true,"href":"https:\/\/www.ernstbrunn-apotheke.at\/katalog\/wp-json\/wp\/v2\/product_tag?post=38509"}],"curies":[{"name":"wp","href":"https:\/\/api.w.org\/{rel}","templated":true}]}}