{"id":38429,"date":"2025-11-10T13:34:26","date_gmt":"2025-11-10T12:34:26","guid":{"rendered":"https:\/\/www.ernstbrunn-apotheke.at\/katalog\/produkt\/espara-artischocke-compositum-alchemistische-essenz-30-ml\/"},"modified":"2025-12-08T15:48:58","modified_gmt":"2025-12-08T14:48:58","slug":"espara-artischocke-compositum-alchemistische-essenz-30-ml","status":"publish","type":"product","link":"https:\/\/www.ernstbrunn-apotheke.at\/katalog\/produkt\/espara-artischocke-compositum-alchemistische-essenz-30-ml\/","title":{"rendered":"Espara Artischocke Compositum Alchemistische Essenz 30 ml"},"content":{"rendered":"<p>Nahrungserg\u00e4nzungsmittel mit Destillaten von Artischocke, Mariendistel, L\u00f6wenzahn und Curcuma  hergestellt nach einem speziellen, auf Paracelsus zur\u00fcckgehenden Verfahren. Die Artischocke ist f\u00fcr ihre gallenwirksamen und lebersch\u00fctzenden Eigenschaften bekannt. Alk. 16 % vol<\/p>\n","protected":false},"excerpt":{"rendered":"<p>Nahrungserg\u00e4nzungsmittel mit Destillaten von Artischocke, Mariendistel, L\u00f6wenzahn und Curcuma hergestellt nach einem speziellen, auf Paracelsus zur\u00fcckgehenden Verfahren. Die Artischocke ist f\u00fcr ihre gallenwirksamen und lebersch\u00fctzenden Eigenschaften bekannt. Alk. 16 % vol<\/p>\n","protected":false},"featured_media":38431,"template":"","meta":{"_acf_changed":false},"product_brand":[383],"product_cat":[794],"product_tag":[],"class_list":{"0":"post-38429","1":"product","2":"type-product","3":"status-publish","4":"has-post-thumbnail","6":"product_brand-espara","7":"product_cat-e","8":"pa_packungsgroesse-30ml","10":"first","11":"instock","12":"shipping-taxable","13":"purchasable","14":"product-type-simple"},"acf":[],"_links":{"self":[{"href":"https:\/\/www.ernstbrunn-apotheke.at\/katalog\/wp-json\/wp\/v2\/product\/38429","targetHints":{"allow":["GET"]}}],"collection":[{"href":"https:\/\/www.ernstbrunn-apotheke.at\/katalog\/wp-json\/wp\/v2\/product"}],"about":[{"href":"https:\/\/www.ernstbrunn-apotheke.at\/katalog\/wp-json\/wp\/v2\/types\/product"}],"wp:featuredmedia":[{"embeddable":true,"href":"https:\/\/www.ernstbrunn-apotheke.at\/katalog\/wp-json\/wp\/v2\/media\/38431"}],"wp:attachment":[{"href":"https:\/\/www.ernstbrunn-apotheke.at\/katalog\/wp-json\/wp\/v2\/media?parent=38429"}],"wp:term":[{"taxonomy":"product_brand","embeddable":true,"href":"https:\/\/www.ernstbrunn-apotheke.at\/katalog\/wp-json\/wp\/v2\/product_brand?post=38429"},{"taxonomy":"product_cat","embeddable":true,"href":"https:\/\/www.ernstbrunn-apotheke.at\/katalog\/wp-json\/wp\/v2\/product_cat?post=38429"},{"taxonomy":"product_tag","embeddable":true,"href":"https:\/\/www.ernstbrunn-apotheke.at\/katalog\/wp-json\/wp\/v2\/product_tag?post=38429"}],"curies":[{"name":"wp","href":"https:\/\/api.w.org\/{rel}","templated":true}]}}