{"id":38373,"date":"2025-11-10T13:33:32","date_gmt":"2025-11-10T12:33:32","guid":{"rendered":"https:\/\/www.ernstbrunn-apotheke.at\/katalog\/produkt\/vironal-kraeuterextrakt-tropfen-30-ml\/"},"modified":"2025-12-08T15:48:48","modified_gmt":"2025-12-08T14:48:48","slug":"vironal-kraeuterextrakt-tropfen-30-ml","status":"publish","type":"product","link":"https:\/\/www.ernstbrunn-apotheke.at\/katalog\/produkt\/vironal-kraeuterextrakt-tropfen-30-ml\/","title":{"rendered":"Vironal Kr\u00e4uterextrakt Tropfen 30 ml"},"content":{"rendered":"<p>Vironal Kr\u00e4uterextrakt Tropfen st\u00e4rken und harmonisieren das Metall-Element mit seinen Hauptfunktionsgruppen Lunge und Dickdarm. Das Metall-Element steht f\u00fcr einen geordneten Rhythmus.<\/p>\n","protected":false},"excerpt":{"rendered":"<p>Vironal Kr\u00e4uterextrakt Tropfen st\u00e4rken und harmonisieren das Metall-Element mit seinen Hauptfunktionsgruppen Lunge und Dickdarm. Das Metall-Element steht f\u00fcr einen geordneten Rhythmus.<\/p>\n","protected":false},"featured_media":38375,"template":"","meta":{"_acf_changed":false},"product_brand":[],"product_cat":[799],"product_tag":[],"class_list":{"0":"post-38373","1":"product","2":"type-product","3":"status-publish","4":"has-post-thumbnail","6":"product_cat-v","7":"pa_packungsgroesse-30ml","9":"first","10":"instock","11":"shipping-taxable","12":"purchasable","13":"product-type-simple"},"acf":[],"_links":{"self":[{"href":"https:\/\/www.ernstbrunn-apotheke.at\/katalog\/wp-json\/wp\/v2\/product\/38373","targetHints":{"allow":["GET"]}}],"collection":[{"href":"https:\/\/www.ernstbrunn-apotheke.at\/katalog\/wp-json\/wp\/v2\/product"}],"about":[{"href":"https:\/\/www.ernstbrunn-apotheke.at\/katalog\/wp-json\/wp\/v2\/types\/product"}],"wp:featuredmedia":[{"embeddable":true,"href":"https:\/\/www.ernstbrunn-apotheke.at\/katalog\/wp-json\/wp\/v2\/media\/38375"}],"wp:attachment":[{"href":"https:\/\/www.ernstbrunn-apotheke.at\/katalog\/wp-json\/wp\/v2\/media?parent=38373"}],"wp:term":[{"taxonomy":"product_brand","embeddable":true,"href":"https:\/\/www.ernstbrunn-apotheke.at\/katalog\/wp-json\/wp\/v2\/product_brand?post=38373"},{"taxonomy":"product_cat","embeddable":true,"href":"https:\/\/www.ernstbrunn-apotheke.at\/katalog\/wp-json\/wp\/v2\/product_cat?post=38373"},{"taxonomy":"product_tag","embeddable":true,"href":"https:\/\/www.ernstbrunn-apotheke.at\/katalog\/wp-json\/wp\/v2\/product_tag?post=38373"}],"curies":[{"name":"wp","href":"https:\/\/api.w.org\/{rel}","templated":true}]}}