{"id":38345,"date":"2025-11-10T13:33:04","date_gmt":"2025-11-10T12:33:04","guid":{"rendered":"https:\/\/www.ernstbrunn-apotheke.at\/katalog\/produkt\/ambrax-tabletten-50-stk\/"},"modified":"2025-12-08T15:48:41","modified_gmt":"2025-12-08T14:48:41","slug":"ambrax-tabletten-50-stk","status":"publish","type":"product","link":"https:\/\/www.ernstbrunn-apotheke.at\/katalog\/produkt\/ambrax-tabletten-50-stk\/","title":{"rendered":"Ambrax Tabletten 50 Stk."},"content":{"rendered":"<p>Ambrax\u00ae Tabletten entspannen und reduzieren die kr\u00e4ftezehrenden Auswirkungen nerv\u00f6ser St\u00f6rungen ohne Tagesm\u00fcdigkeit zu verursachen. Gr\u00f6\u00dfere Gelassenheit f\u00fchrt dazu, dass unsere Gedanken nicht immer um die gleichen Dinge kreisen und wir abschalten k\u00f6nnen. Ruhiger, erholsamer Schlaf in der Nacht gibt dem K\u00f6rper die n\u00f6tige Energie und Kraft zur\u00fcck. Die einzigartige Wirkstoffkombination aus Sepia und Ambra, dem Bilsenkraut und der Ignatiusbohne machen AMBRAX\u00ae zu einem gut vertr\u00e4glichen, hom\u00f6opathischen Arzneimittel..<\/p>\n","protected":false},"excerpt":{"rendered":"<p>Ambrax\u00ae Tabletten entspannen und reduzieren die kr\u00e4ftezehrenden Auswirkungen nerv\u00f6ser St\u00f6rungen ohne Tagesm\u00fcdigkeit zu verursachen. Gr\u00f6\u00dfere Gelassenheit f\u00fchrt dazu, dass unsere Gedanken nicht immer um die gleichen Dinge kreisen und wir abschalten k\u00f6nnen. Ruhiger, erholsamer Schlaf in der Nacht gibt dem K\u00f6rper die n\u00f6tige Energie und Kraft zur\u00fcck. Die einzigartige Wirkstoffkombination aus Sepia und Ambra, dem [&hellip;]<\/p>\n","protected":false},"featured_media":38347,"template":"","meta":{"_acf_changed":false},"product_brand":[],"product_cat":[801],"product_tag":[],"class_list":{"0":"post-38345","1":"product","2":"type-product","3":"status-publish","4":"has-post-thumbnail","6":"product_cat-a","7":"pa_packungsgroesse-50-stueck","9":"first","10":"instock","11":"shipping-taxable","12":"purchasable","13":"product-type-simple"},"acf":[],"_links":{"self":[{"href":"https:\/\/www.ernstbrunn-apotheke.at\/katalog\/wp-json\/wp\/v2\/product\/38345","targetHints":{"allow":["GET"]}}],"collection":[{"href":"https:\/\/www.ernstbrunn-apotheke.at\/katalog\/wp-json\/wp\/v2\/product"}],"about":[{"href":"https:\/\/www.ernstbrunn-apotheke.at\/katalog\/wp-json\/wp\/v2\/types\/product"}],"wp:featuredmedia":[{"embeddable":true,"href":"https:\/\/www.ernstbrunn-apotheke.at\/katalog\/wp-json\/wp\/v2\/media\/38347"}],"wp:attachment":[{"href":"https:\/\/www.ernstbrunn-apotheke.at\/katalog\/wp-json\/wp\/v2\/media?parent=38345"}],"wp:term":[{"taxonomy":"product_brand","embeddable":true,"href":"https:\/\/www.ernstbrunn-apotheke.at\/katalog\/wp-json\/wp\/v2\/product_brand?post=38345"},{"taxonomy":"product_cat","embeddable":true,"href":"https:\/\/www.ernstbrunn-apotheke.at\/katalog\/wp-json\/wp\/v2\/product_cat?post=38345"},{"taxonomy":"product_tag","embeddable":true,"href":"https:\/\/www.ernstbrunn-apotheke.at\/katalog\/wp-json\/wp\/v2\/product_tag?post=38345"}],"curies":[{"name":"wp","href":"https:\/\/api.w.org\/{rel}","templated":true}]}}